{"id":2288,"date":"2014-06-02T09:03:20","date_gmt":"2014-06-02T09:03:20","guid":{"rendered":"http:\/\/www.gestoriamarrecampas.cat\/?page_id=2288"},"modified":"2014-06-02T09:11:16","modified_gmt":"2014-06-02T09:11:16","slug":"notalegal","status":"publish","type":"page","link":"https:\/\/www.gestoriamarrecampas.cat\/es\/notalegal\/","title":{"rendered":"nota legal"},"content":{"rendered":"<p><b>AV\u00cdSO LEGAL<\/b><\/p>\n<p>El USUARIO que accede y usa esta p\u00e1gina web conoce y acepta las condiciones generales aqu\u00ed redactadas, y las modificaciones que se produzcan, debiendo acceder peri\u00f3dicamente a \u00e9stas para su conocimiento.<\/p>\n<p>La p\u00e1gina web incluye textos, gr\u00e1ficos, im\u00e1genes, v\u00eddeos, sonidos, dibujos, fotograf\u00edas y software incluidos en la misma, ya sean susceptibles o no de propiedad intelectual.<\/p>\n<p><b>PRIMERA. &#8211; TITULAR DE LA WEB<\/b><\/p>\n<p>El titular de la web \u00e9s MARR\u00c8 &amp; CAMP\u00c0S con\u00a0CIF: J588877481, y\u00a0domiciloi social en CARRER ESCOLES 27, 08380 de MALGRAT DE MAR, , (en adelante\u00a0GESTORIA MARR\u00c9 \u00a0&amp; CAMP\u00c0S\u00a0). Pueden contactar con\u00a0JOSEP MARR\u00c9 por tel\u00e9fono: +34 93 765 42 40 o correo electr\u00f3nico:\u00a0<a href=\"mailto:info@gestoriamarrecampas.cat\" target=\"_blank\">info@gestoriamarrecampas.cat<\/a><\/p>\n<p><b>SEGUNDA.- OBJETO DE LA WEB<\/b><\/p>\n<p>GESTORIA MARR\u00c9 &amp; CAMP\u00c0S\u00a0pone a disposici\u00f3n del p\u00fablico (en adelante USUARIO), que acceda al dominio, www.gestoriamarrecampas.cat (en adelante WEB), informaci\u00f3n y datos (en adelante CONTENIDOS), mediante una web de car\u00e1cter informativo. Los contenidos de la web son proporcionados y creados por GESTORIA MARR\u00c9 &amp; CAMP\u00c0S.<\/p>\n<p><b>TERCERA. &#8211; ACCESO A LA WEB<\/b><\/p>\n<p>El acceso y uso de la WEB por los usuarios es gratuito , sin previa autorizaci\u00f3n , suscripci\u00f3n o registro.<\/p>\n<p>El acceso y uso de USUARIO a esta WEB no implica ninguna obligaci\u00f3n sobre la calidad y velocidad del acceso por parte GESTORIA MARR\u00c9 &amp; CAMP\u00c0S\u00a0, que podr\u00e1 modificar las condiciones de acceso o suspender el acceso a la WEB , o parte de la web , sin previo aviso, no responsabiliz\u00e1ndose GESTORIA\u00a0MARR\u00c9 &amp; CAMP\u00c0S , de las consecuencias , da\u00f1os y perjuicios ocasionados por la modificaci\u00f3n del acceso y la suspensi\u00f3n de la WEB .<\/p>\n<p>El hardware y software necesarios para acceder a la web ser\u00e1n por cuenta de los USUARIOS . GESTORIA MARR\u00c9 &amp; CAMP\u00c0S\u00a0no ser\u00e1 responsable del funcionamiento ni de las consecuencias de \u00e9stos, ni de los derechos de uso o licencias requeridas para su utilizaci\u00f3n.<\/p>\n<p>Tampoco ser\u00e1 responsable GESTORIA Marre &amp; campas de ninguna anomal\u00eda , mal funcionamiento , deterioro , borrado de datos o software que se produzca en los equipos o sistemas de los USUARIOS , como consecuencia directa o indirecta del acceso o intento de acceso a la WEB .<\/p>\n<p>El servicio prestado por GESTORIA MARR\u00c9 &amp; CAMP\u00c0S\u00a0mediante su WEB es por tiempo indefinido , sin perjuicio de poder suspender o cancelar esta sin previo aviso.<\/p>\n<p><b>CUARTA. &#8211; CONTENIDO\u00a0DE LA WEB<\/b><\/p>\n<p>El idioma utilizado para GESTORIA\u00a0MARR\u00c9 &amp; CAMP\u00c0Ss en la WEB ser\u00e1 el Catal\u00e1n y Castellano , sin perjuicio de la utilizaci\u00f3n de otras lenguas , nacionales o auton\u00f3micas . GESTORIA MARR\u00c9 &amp; CAMP\u00c0S\u00a0no se responsabiliza de la no comprensi\u00f3n o entendimiento del idioma de la WEB por el usuario , ni de las consecuencias .<\/p>\n<p>Los contenidos de la WEB tienen como finalidad informar y dar a conocer las actividades y productos creados por GESTORIA \u00a0y tienen un car\u00e1cter general y orientativo , no siendo vinculantes para GESTORIA MARR\u00c9 &amp; CAMP\u00c0S\u00a0.<\/p>\n<p>GESTORIA MARR\u00c9 &amp; CAMP\u00c0S\u00a0podr\u00e1 modificar los contenidos sin previo aviso, as\u00ed como suprimir y cambiar \u00e9stos dentro de la WEB , como la forma en que se accede a \u00e9stos, sin justificaci\u00f3n alguna y libremente , no responsabiliz\u00e1ndose de las consecuencias que los mismos puedan ocasionar a los usuarios .<\/p>\n<p>Son propiedad de GESTORIA MARR\u00c9 &amp; CAMP\u00c0S\u00a0todos los derechos de propiedad industrial e intelectual de la WEB , as\u00ed como de los contenidos que alberga. Cualquier uso de la WEB o sus contenidos deber\u00e1 tener un car\u00e1cter exclusivamente particular . Est\u00e1 reservado exclusivamente a GESTORIA MARR\u00c9 &amp; CAMP\u00c0S , cualquier otro uso que suponga la copia , reproducci\u00f3n , distribuci\u00f3n , transformaci\u00f3n , comunicaci\u00f3n p\u00fablica o cualquier otra acci\u00f3n similar , de todo o parte de los contenidos de la p\u00e1gina web , as\u00ed como de esta misma , por que ning\u00fan USUARIO podr\u00e1 llevar a cabo estas acciones sin la autorizaci\u00f3n previa y por escrito de GESTORIA MARR\u00c9 &amp; CAMP\u00c0S.<\/p>\n<p>Se proh\u00edbe el uso de los contenidos de la WEB para promocionar , contratar o divulgar publicidad o informaci\u00f3n propia o de terceras personas sin la autorizaci\u00f3n de GESTORIA MARR\u00c9 &amp; CAMP\u00c0S ni remitir publicidad o informaci\u00f3n vali\u00e9ndose para ello de los servicios o informaci\u00f3n que se ponen a disposici\u00f3n de los usuarios , independientemente de si la utilizaci\u00f3n es gratuita o no .<\/p>\n<p>Los enlaces o hiperenlaces que incorporen terceros en sus p\u00e1ginas web , dirigidos a esta WEB , ser\u00e1n para la apertura de la p\u00e1gina web completa , no pudiendo manifestar , directa o indirectamente , indicaciones falsas , inexactas o confusas , ni incurrir en acciones desleales o il\u00edcitas en contra GESTORIA MARR\u00c9 &amp; CAMP\u00c0S.<\/p>\n<p>GESTORIA MARR\u00c9 &amp; CAMP\u00c0S\u00a0no se hace responsable de la fiabilidad y rapidez de los hiperenlaces que se incorporen en la WEB para la apertura de otras . GESTORIA MARR\u00c9 &amp; CAMP\u00c0S no garantiza la utilidad de estos enlaces , ni se responsabiliza de los contenidos o servicios a los que pueda acceder el USUARIO por medio de estos enlaces, ni del buen funcionamiento de estas webs.<\/p>\n<p><b>QUINTA. &#8211; USUARIOS DE LA WEB<\/b><\/p>\n<p>Los usuarios que accedan a la web de GESTORIA MARR\u00c9 &amp; CAMP\u00c0S\u00a0lo har\u00e1n conforme a la Ley , y se obligan en todo momento a no acceder a la web ya los contenidos de forma contraria a la establecida y \/ o con fines il\u00edcitos , lesivos de derechos y libertades terceros , o que puedan da\u00f1ar, deteriorar , saturar o ralentizar la web , en perjuicio de GESTORIA MARR\u00c9 &amp; CAMP\u00c0S\u00a0o de terceros usuarios .<\/p>\n<p>Los usuarios no har\u00e1n uso de los contenidos de la web de forma contraria a la Ley , ( especialmente la Ley de Propiedad Intelectual e Industrial ) usos y costumbres y orden p\u00fablico , ni copiar\u00e1n , distribuir\u00e1n , difundir\u00e1n , transformar\u00e1n , modificar\u00e1n o manipular\u00e1n \u00e9stos.<\/p>\n<p>GESTORIAMARR\u00c9 &amp; CAMP\u00c0S \u00a0no dispone en su WEB de productos o servicios a disposici\u00f3n de los usuarios donde \u00e9stos deban introducir cualquier tipo de contenidos o informaci\u00f3n , como pueden ser grupos de noticias , chat , foros u otros de car\u00e1cter similar .<\/p>\n<p>El acceso a los contenidos de la WEB por parte del USUARIO ser\u00e1 bajo su total responsabilidad no pudiendo repercutir a GESTORIA MARR\u00c9 &amp; CAMP\u00c0S cualquier consecuencia derivada directa o indirectamente del acceso a la web, ya sea de \u00e1mbito f\u00edsico , l\u00f3gico , moral o personal .<\/p>\n<p>GESTORIA MARR\u00c9 &amp; CAMP\u00c0S podr\u00e1 responsabilizar a los usuarios que haciendo un mal uso de la WEB , causasen da\u00f1os o perjuicios a terceras personas , as\u00ed como de los posibles virus o programas inform\u00e1ticos , que pudiesen introducir , generar , alojar en la web , y deterioren o puedan deteriorar tanto los contenidos como el buen funcionamiento de \u00e9sta, as\u00ed como los equipos , sistemas y programas de los usuarios de la web .<\/p>\n<p>GESTORIA MARR\u00c9 &amp; CAMP\u00c0S\u00a0podr\u00e1 dirigirse contra los usuarios sobre todas las reclamaciones , indemnizaciones , multas o sanciones administrativas que recaigan sobre GESTORIA MARR\u00c9 &amp; CAMP\u00c0S\u00a0y sean responsabilidad directa o indirecta de alg\u00fan USUARIO de los contenidos o servicios de la WEB<\/p>\n<p>Todos los usuarios que conozcan alguna actuaci\u00f3n que est\u00e9 deteriorando o pueda deteriorar el buen funcionamiento de la WEB de GESTORIA Marre &amp; campas modificar o alterar los contenidos de \u00e9sta, deber\u00e1n comunicarlo inmediatamente GESTORIA\u00a0MARR\u00c9 &amp; CAMP\u00c0S.<\/p>\n<p><b>POL\u00cdTICA DE PRIVACIDAD\u00a0DE DATOS<\/b><\/p>\n<p>GESTORIA \u00a0MARR\u00c9 &amp; CAMP\u00c0S\u00a0de acuerdo con la Ley Org\u00e1nica 15 \/1999 de 13 de diciembre, de Protecci\u00f3n de Datos de car\u00e1cter personal y el Reglamento de Desarrollo de la LOPD 1720\/2007 , ha adoptado las medidas y niveles de seguridad de protecci\u00f3n de los datos exigidos .<\/p>\n<p>Los datos recogidos a trav\u00e9s del formulario o las direcciones de correo electr\u00f3nico disponible en la p\u00e1gina web ser\u00e1n objeto de tratamiento para dar curso a su petici\u00f3n y remitirle informaci\u00f3n comercial que puedan ser de su inter\u00e9s , por cualquier medio y en cualquier apoyo , incluidos los medios electr\u00f3nicos , sobre nuestros productos y promociones .<\/p>\n<p>Usted puede ejercer sus derechos de acceso , rectificaci\u00f3n , cancelaci\u00f3n y oposici\u00f3n expresados \u200b\u200ben el art\u00edculo 5 de la Ley Org\u00e1nica 15\/1999 , de Protecci\u00f3n de Datos , a trav\u00e9s del correo electr\u00f3nico info@gestoriamarrecampas.cat o mediante comunicaci\u00f3n escrita enviada a la direcci\u00f3n postal : \u00a0CARRER ESCOLES 27, 08380 Malgrat de Mar , Barcelona , junto con la documentaci\u00f3n que se le requiera .<\/p>\n<p><b>USO DE COOKIES<\/b><\/p>\n<p>En cumplimiento con el deber de informaci\u00f3n recogido en art\u00edculo 10 de la Ley 34\/2002, de 11 de julio, de Servicios de la Sociedad de la Informaci\u00f3n y del Comercio Electr\u00f3nico GESTORIA MARR\u00c9 &amp; CAMP\u00c0S\u00a0ha adoptado las medidas exigidas a nivel del el uso de cookies, puede consultar nuestra <a title=\"POLITICA DE COOKIES GESTORIA MARR\u00c9&amp;CAMP\u00c0S\" href=\"http:\/\/www.gestoriamarrecampas.cat\/es\/politica-cookies\/\" target=\"_blank\">pol\u00edtica de cookies<\/a>.<\/p>\n<p>El sitio web del prestador puede utilizar cookies (peque\u00f1os archivos de texto que el servidor env\u00eda al ordenador de quien accede a la p\u00e1gina). Se trata de una t\u00e9cnica utilizada de manera\u00a0habitual en Internet para llevar a cabo determinadas funciones que son consideradas imprescindibles para el correcto funcionamiento y visualizaci\u00f3n del sitio. Las cookies utilitzadesen el sitio web tienen, en todo caso, car\u00e1cter temporal con la \u00fanica finalidad de hacer m\u00e1s eficaz su transmisi\u00f3n ulterior y desaparecen al terminar la sesi\u00f3n del usuario. En ning\u00fan caso se utilizar\u00e1n las cookies para recoger informaci\u00f3n de car\u00e1cter personal.<\/p>\n<p>&nbsp;<\/p>\n<p>Desde el sitio web del cliente es posible que se redirija a contenidos de terceros sitios web. Dado que el prestador no puede controlar siempre los contenidos introducidos por los terceros en sus sitios web, \u00e9ste no asume ning\u00fan tipo de responsabilidad respecto a dichos contenidos. En todo caso, el prestador se compromete a la retirada inmediata de cualquier contenido que pudiera contravenir la legislaci\u00f3n nacional o internacional, la moral o el orden p\u00fablico, procediendo a la retirada inmediata de la redirecci\u00f3n a dicho sitio web, poniendo en conocimiento de las autoridades competentes el contenido en cuesti\u00f3n.<\/p>\n","protected":false},"excerpt":{"rendered":"<p>AV\u00cdSO LEGAL El USUARIO que accede y usa esta p\u00e1gina web conoce y acepta las condiciones generales aqu\u00ed redactadas, y las modificaciones que se produzcan, debiendo acceder peri\u00f3dicamente a \u00e9stas para su conocimiento. La p\u00e1gina web incluye textos, gr\u00e1ficos, im\u00e1genes, v\u00eddeos, sonidos, dibujos, fotograf\u00edas y software incluidos en la misma, ya sean susceptibles o no<\/p>\n","protected":false},"author":1,"featured_media":0,"parent":0,"menu_order":0,"comment_status":"closed","ping_status":"open","template":"","meta":{"footnotes":""},"class_list":["post-2288","page","type-page","status-publish","hentry"],"yoast_head":"<!-- This site is optimized with the Yoast SEO plugin v26.6 - https:\/\/yoast.com\/wordpress\/plugins\/seo\/ -->\n<title>nota legal - gestoriamarrecampas.cat<\/title>\n<meta name=\"robots\" content=\"index, follow, max-snippet:-1, max-image-preview:large, max-video-preview:-1\" \/>\n<link rel=\"canonical\" href=\"https:\/\/www.gestoriamarrecampas.cat\/nota-legal\/\" \/>\n<meta property=\"og:locale\" content=\"es_ES\" \/>\n<meta property=\"og:type\" content=\"article\" \/>\n<meta property=\"og:title\" content=\"nota legal - gestoriamarrecampas.cat\" \/>\n<meta property=\"og:description\" content=\"AV\u00cdSO LEGAL El USUARIO que accede y usa esta p\u00e1gina web conoce y acepta las condiciones generales aqu\u00ed redactadas, y las modificaciones que se produzcan, debiendo acceder peri\u00f3dicamente a \u00e9stas para su conocimiento. La p\u00e1gina web incluye textos, gr\u00e1ficos, im\u00e1genes, v\u00eddeos, sonidos, dibujos, fotograf\u00edas y software incluidos en la misma, ya sean susceptibles o no\" \/>\n<meta property=\"og:url\" content=\"https:\/\/www.gestoriamarrecampas.cat\/nota-legal\/\" \/>\n<meta property=\"og:site_name\" content=\"gestoriamarrecampas.cat\" \/>\n<meta property=\"article:modified_time\" content=\"2014-06-02T09:11:16+00:00\" \/>\n<meta name=\"twitter:label1\" content=\"Tiempo de lectura\" \/>\n\t<meta name=\"twitter:data1\" content=\"8 minutos\" \/>\n<script type=\"application\/ld+json\" class=\"yoast-schema-graph\">{\"@context\":\"https:\/\/schema.org\",\"@graph\":[{\"@type\":\"WebPage\",\"@id\":\"https:\/\/www.gestoriamarrecampas.cat\/nota-legal\/\",\"url\":\"https:\/\/www.gestoriamarrecampas.cat\/nota-legal\/\",\"name\":\"nota legal - gestoriamarrecampas.cat\",\"isPartOf\":{\"@id\":\"https:\/\/www.gestoriamarrecampas.cat\/#website\"},\"datePublished\":\"2014-06-02T09:03:20+00:00\",\"dateModified\":\"2014-06-02T09:11:16+00:00\",\"inLanguage\":\"es\",\"potentialAction\":[{\"@type\":\"ReadAction\",\"target\":[\"https:\/\/www.gestoriamarrecampas.cat\/nota-legal\/\"]}]},{\"@type\":\"WebSite\",\"@id\":\"https:\/\/www.gestoriamarrecampas.cat\/#website\",\"url\":\"https:\/\/www.gestoriamarrecampas.cat\/\",\"name\":\"gestoriamarrecampas.cat\",\"description\":\"La gestoria de confian\u00e7a!!\",\"potentialAction\":[{\"@type\":\"SearchAction\",\"target\":{\"@type\":\"EntryPoint\",\"urlTemplate\":\"https:\/\/www.gestoriamarrecampas.cat\/?s={search_term_string}\"},\"query-input\":{\"@type\":\"PropertyValueSpecification\",\"valueRequired\":true,\"valueName\":\"search_term_string\"}}],\"inLanguage\":\"es\"}]}<\/script>\n<!-- \/ Yoast SEO plugin. -->","yoast_head_json":{"title":"nota legal - gestoriamarrecampas.cat","robots":{"index":"index","follow":"follow","max-snippet":"max-snippet:-1","max-image-preview":"max-image-preview:large","max-video-preview":"max-video-preview:-1"},"canonical":"https:\/\/www.gestoriamarrecampas.cat\/nota-legal\/","og_locale":"es_ES","og_type":"article","og_title":"nota legal - gestoriamarrecampas.cat","og_description":"AV\u00cdSO LEGAL El USUARIO que accede y usa esta p\u00e1gina web conoce y acepta las condiciones generales aqu\u00ed redactadas, y las modificaciones que se produzcan, debiendo acceder peri\u00f3dicamente a \u00e9stas para su conocimiento. La p\u00e1gina web incluye textos, gr\u00e1ficos, im\u00e1genes, v\u00eddeos, sonidos, dibujos, fotograf\u00edas y software incluidos en la misma, ya sean susceptibles o no","og_url":"https:\/\/www.gestoriamarrecampas.cat\/nota-legal\/","og_site_name":"gestoriamarrecampas.cat","article_modified_time":"2014-06-02T09:11:16+00:00","twitter_misc":{"Tiempo de lectura":"8 minutos"},"schema":{"@context":"https:\/\/schema.org","@graph":[{"@type":"WebPage","@id":"https:\/\/www.gestoriamarrecampas.cat\/nota-legal\/","url":"https:\/\/www.gestoriamarrecampas.cat\/nota-legal\/","name":"nota legal - gestoriamarrecampas.cat","isPartOf":{"@id":"https:\/\/www.gestoriamarrecampas.cat\/#website"},"datePublished":"2014-06-02T09:03:20+00:00","dateModified":"2014-06-02T09:11:16+00:00","inLanguage":"es","potentialAction":[{"@type":"ReadAction","target":["https:\/\/www.gestoriamarrecampas.cat\/nota-legal\/"]}]},{"@type":"WebSite","@id":"https:\/\/www.gestoriamarrecampas.cat\/#website","url":"https:\/\/www.gestoriamarrecampas.cat\/","name":"gestoriamarrecampas.cat","description":"La gestoria de confian\u00e7a!!","potentialAction":[{"@type":"SearchAction","target":{"@type":"EntryPoint","urlTemplate":"https:\/\/www.gestoriamarrecampas.cat\/?s={search_term_string}"},"query-input":{"@type":"PropertyValueSpecification","valueRequired":true,"valueName":"search_term_string"}}],"inLanguage":"es"}]}},"_links":{"self":[{"href":"https:\/\/www.gestoriamarrecampas.cat\/es\/wp-json\/wp\/v2\/pages\/2288","targetHints":{"allow":["GET"]}}],"collection":[{"href":"https:\/\/www.gestoriamarrecampas.cat\/es\/wp-json\/wp\/v2\/pages"}],"about":[{"href":"https:\/\/www.gestoriamarrecampas.cat\/es\/wp-json\/wp\/v2\/types\/page"}],"author":[{"embeddable":true,"href":"https:\/\/www.gestoriamarrecampas.cat\/es\/wp-json\/wp\/v2\/users\/1"}],"replies":[{"embeddable":true,"href":"https:\/\/www.gestoriamarrecampas.cat\/es\/wp-json\/wp\/v2\/comments?post=2288"}],"version-history":[{"count":3,"href":"https:\/\/www.gestoriamarrecampas.cat\/es\/wp-json\/wp\/v2\/pages\/2288\/revisions"}],"predecessor-version":[{"id":2293,"href":"https:\/\/www.gestoriamarrecampas.cat\/es\/wp-json\/wp\/v2\/pages\/2288\/revisions\/2293"}],"wp:attachment":[{"href":"https:\/\/www.gestoriamarrecampas.cat\/es\/wp-json\/wp\/v2\/media?parent=2288"}],"curies":[{"name":"wp","href":"https:\/\/api.w.org\/{rel}","templated":true}]}}