{"id":2202,"date":"2013-12-20T18:14:06","date_gmt":"2013-12-20T18:14:06","guid":{"rendered":"http:\/\/www.gestoriamarrecampas.cat\/?page_id=2202"},"modified":"2014-06-01T12:47:40","modified_gmt":"2014-06-01T12:47:40","slug":"juridic","status":"publish","type":"page","link":"https:\/\/www.gestoriamarrecampas.cat\/es\/juridic\/","title":{"rendered":"JURIDIC"},"content":{"rendered":"<h1><span style=\"color: #b40838;\"><strong>JUR\u00cdDIC I MERCANTIL<\/strong><\/span><\/h1>\n<p>Dediquem amb qualitat i atenci\u00f3 personalitzada, a la <strong><span style=\"color: #b40838;\">defensa jur\u00eddica<\/span><\/strong> de persones i societats cobrint una \u00e0mplia varietat d&#8217; especialitats en tots els camps legals i tots els \u00e0mbits professionals:<\/p>\n<p><img class=\"alignright wp-image-1435\"src=\"http:\/\/www.gestoriamarrecampas.cat\/wp-content\/uploads\/2013\/01\/fotolia_52923532.jpg\" alt=\"Scales on a table. Vintage sepia photo\" width=\"410\" height=\"273\" srcset=\"https:\/\/www.gestoriamarrecampas.cat\/wp-content\/uploads\/2013\/01\/fotolia_52923532.jpg 512w, https:\/\/www.gestoriamarrecampas.cat\/wp-content\/uploads\/2013\/01\/fotolia_52923532-300x199.jpg 300w, https:\/\/www.gestoriamarrecampas.cat\/wp-content\/uploads\/2013\/01\/fotolia_52923532-280x187.jpg 280w\" sizes=\"(max-width: 410px) 100vw, 410px\" \/><\/p>\n<h4><span style=\"color: #b40838;\"><b>Dret laboral i Seguretat Social<\/b><\/span><\/h4>\n<ul>\n<li>Contractaci\u00f3 de treballadors i d\u2019alts c\u00e0rrecs<\/li>\n<li>Acomiadaments i conciliacions<\/li>\n<li>Aspectes laborals derivats de les fusions i adquisicions d\u2019empreses, etc.<\/li>\n<li>Expedients de regulaci\u00f2 d\u2019ocupaci\u00f3.<\/li>\n<\/ul>\n<h4><span style=\"color: #b40838;\"><b>Dret civil i fam\u00edlia<\/b><\/span><\/h4>\n<ul>\n<li>Assessorem i defensem en <strong><span style=\"color: #b40838;\">separacions i divorcis<\/span><\/strong>, guardes de menors, tutela, incapacitaci\u00f3, successions (her\u00e8ncies i lleg\u00edtimes),<\/li>\n<li><span style=\"color: #b40838;\"><strong>Responsabilitat civil<\/strong><\/span> (accidents de circulaci\u00f3 i neglig\u00e8ncies m\u00e8diques) i dret d&#8217;associacions.<\/li>\n<li>Tamb\u00e9 treballem en l&#8217;\u00e0mbit del <span style=\"color: #b40838;\"><strong>dret a l&#8217;habitatge<\/strong> <\/span>(arrendaments i desnonaments), abusos en la contractaci\u00f3 banc\u00e0ria i protecci\u00f3 del dret a l&#8217;honor i la imatge.<\/li>\n<\/ul>\n<h4><span style=\"color: #b40838;\"><b>Dret mercantil<\/b><\/span><\/h4>\n<ul>\n<li>Societats.<\/li>\n<li>Documents societaris.<\/li>\n<li>Contractes de franqu\u00edcia.<\/li>\n<li>Distribuci\u00f3 i altres contractes mercantils.<\/li>\n<li>Dret concursal, banca, fusions i adquisicions.<\/li>\n<\/ul>\n<h4><span style=\"color: #b40838;\"><b>Dret administratiu<\/b><\/span><\/h4>\n<ul>\n<li>Assessorem i defensem en l\u2019\u00e0mbit de l\u2019administraci\u00f3 i en la jurisdicci\u00f3 contenciosa administrativa en les \u00e0rees d\u2019estrangeria (denegaci\u00f3 de permisos i expulsions).<\/li>\n<li>Responsabilitat patrimonial (reclamacions per danys provocats per l\u2019administraci\u00f3 com la pres\u00f3 indeguda, la neglig\u00e8ncia m\u00e8dica a la sanitat p\u00fablica&#8230;).<\/li>\n<li>Drets fonamentals (com el d\u2019informaci\u00f3 i participaci\u00f3 en els ajuntaments), funci\u00f3 p\u00fablica i medi ambient.<\/li>\n<\/ul>\n <a href=\"http:\/\/www.gestoriamarrecampas.cat\/contacte\/\" class=\"btn   false\" target=\"_blank\"> INFORMA&#8217;T <\/a>\n<p>&nbsp;<\/p>\n","protected":false},"excerpt":{"rendered":"<p>JUR\u00cdDIC I MERCANTIL Dediquem amb qualitat i atenci\u00f3 personalitzada, a la defensa jur\u00eddica de persones i societats cobrint una \u00e0mplia varietat d&#8217; especialitats en tots els camps legals i tots els \u00e0mbits professionals: Dret laboral i Seguretat Social Contractaci\u00f3 de treballadors i d\u2019alts c\u00e0rrecs Acomiadaments i conciliacions Aspectes laborals derivats de les fusions i adquisicions<\/p>\n","protected":false},"author":1,"featured_media":0,"parent":0,"menu_order":0,"comment_status":"closed","ping_status":"closed","template":"","meta":{"footnotes":""},"class_list":["post-2202","page","type-page","status-publish","hentry"],"yoast_head":"<!-- This site is optimized with the Yoast SEO plugin v26.6 - https:\/\/yoast.com\/wordpress\/plugins\/seo\/ -->\n<title>JUR\u00cdDIC I MERCANTIL - Gestoria Marr\u00e9&amp;Camp\u00e0s<\/title>\n<meta name=\"description\" content=\"JUR\u00cdDIC I MERCANTIL - Dediquem amb qualitat i atenci\u00f3 personalitzada, a la defensa jur\u00eddica de persones i societats cobrint una \u00e0mplia varietat...\" \/>\n<meta name=\"robots\" content=\"index, follow, max-snippet:-1, max-image-preview:large, max-video-preview:-1\" \/>\n<link rel=\"canonical\" href=\"https:\/\/www.gestoriamarrecampas.cat\/serveis\/juridic\/\" \/>\n<meta property=\"og:locale\" content=\"es_ES\" \/>\n<meta property=\"og:type\" content=\"article\" \/>\n<meta property=\"og:title\" content=\"JUR\u00cdDIC I MERCANTIL - Gestoria Marr\u00e9&amp;Camp\u00e0s\" \/>\n<meta property=\"og:description\" content=\"JUR\u00cdDIC I MERCANTIL - Dediquem amb qualitat i atenci\u00f3 personalitzada, a la defensa jur\u00eddica de persones i societats cobrint una \u00e0mplia varietat...\" \/>\n<meta property=\"og:url\" content=\"https:\/\/www.gestoriamarrecampas.cat\/serveis\/juridic\/\" \/>\n<meta property=\"og:site_name\" content=\"gestoriamarrecampas.cat\" \/>\n<meta property=\"article:modified_time\" content=\"2014-06-01T12:47:40+00:00\" \/>\n<meta property=\"og:image\" content=\"http:\/\/www.gestoriamarrecampas.cat\/wp-content\/uploads\/2013\/01\/fotolia_52923532.jpg\" \/>\n<meta name=\"twitter:label1\" content=\"Tiempo de lectura\" \/>\n\t<meta name=\"twitter:data1\" content=\"1 minuto\" \/>\n<script type=\"application\/ld+json\" class=\"yoast-schema-graph\">{\"@context\":\"https:\/\/schema.org\",\"@graph\":[{\"@type\":\"WebPage\",\"@id\":\"https:\/\/www.gestoriamarrecampas.cat\/serveis\/juridic\/\",\"url\":\"https:\/\/www.gestoriamarrecampas.cat\/serveis\/juridic\/\",\"name\":\"JUR\u00cdDIC I MERCANTIL - Gestoria Marr\u00e9&Camp\u00e0s\",\"isPartOf\":{\"@id\":\"https:\/\/www.gestoriamarrecampas.cat\/#website\"},\"primaryImageOfPage\":{\"@id\":\"https:\/\/www.gestoriamarrecampas.cat\/serveis\/juridic\/#primaryimage\"},\"image\":{\"@id\":\"https:\/\/www.gestoriamarrecampas.cat\/serveis\/juridic\/#primaryimage\"},\"thumbnailUrl\":\"http:\/\/www.gestoriamarrecampas.cat\/wp-content\/uploads\/2013\/01\/fotolia_52923532.jpg\",\"datePublished\":\"2013-12-20T18:14:06+00:00\",\"dateModified\":\"2014-06-01T12:47:40+00:00\",\"description\":\"JUR\u00cdDIC I MERCANTIL - Dediquem amb qualitat i atenci\u00f3 personalitzada, a la defensa jur\u00eddica de persones i societats cobrint una \u00e0mplia varietat...\",\"inLanguage\":\"es\",\"potentialAction\":[{\"@type\":\"ReadAction\",\"target\":[\"https:\/\/www.gestoriamarrecampas.cat\/serveis\/juridic\/\"]}]},{\"@type\":\"ImageObject\",\"inLanguage\":\"es\",\"@id\":\"https:\/\/www.gestoriamarrecampas.cat\/serveis\/juridic\/#primaryimage\",\"url\":\"http:\/\/www.gestoriamarrecampas.cat\/wp-content\/uploads\/2013\/01\/fotolia_52923532.jpg\",\"contentUrl\":\"http:\/\/www.gestoriamarrecampas.cat\/wp-content\/uploads\/2013\/01\/fotolia_52923532.jpg\"},{\"@type\":\"WebSite\",\"@id\":\"https:\/\/www.gestoriamarrecampas.cat\/#website\",\"url\":\"https:\/\/www.gestoriamarrecampas.cat\/\",\"name\":\"gestoriamarrecampas.cat\",\"description\":\"La gestoria de confian\u00e7a!!\",\"potentialAction\":[{\"@type\":\"SearchAction\",\"target\":{\"@type\":\"EntryPoint\",\"urlTemplate\":\"https:\/\/www.gestoriamarrecampas.cat\/?s={search_term_string}\"},\"query-input\":{\"@type\":\"PropertyValueSpecification\",\"valueRequired\":true,\"valueName\":\"search_term_string\"}}],\"inLanguage\":\"es\"}]}<\/script>\n<!-- \/ Yoast SEO plugin. -->","yoast_head_json":{"title":"JUR\u00cdDIC I MERCANTIL - Gestoria Marr\u00e9&Camp\u00e0s","description":"JUR\u00cdDIC I MERCANTIL - Dediquem amb qualitat i atenci\u00f3 personalitzada, a la defensa jur\u00eddica de persones i societats cobrint una \u00e0mplia varietat...","robots":{"index":"index","follow":"follow","max-snippet":"max-snippet:-1","max-image-preview":"max-image-preview:large","max-video-preview":"max-video-preview:-1"},"canonical":"https:\/\/www.gestoriamarrecampas.cat\/serveis\/juridic\/","og_locale":"es_ES","og_type":"article","og_title":"JUR\u00cdDIC I MERCANTIL - Gestoria Marr\u00e9&Camp\u00e0s","og_description":"JUR\u00cdDIC I MERCANTIL - Dediquem amb qualitat i atenci\u00f3 personalitzada, a la defensa jur\u00eddica de persones i societats cobrint una \u00e0mplia varietat...","og_url":"https:\/\/www.gestoriamarrecampas.cat\/serveis\/juridic\/","og_site_name":"gestoriamarrecampas.cat","article_modified_time":"2014-06-01T12:47:40+00:00","og_image":[{"url":"http:\/\/www.gestoriamarrecampas.cat\/wp-content\/uploads\/2013\/01\/fotolia_52923532.jpg","type":"","width":"","height":""}],"twitter_misc":{"Tiempo de lectura":"1 minuto"},"schema":{"@context":"https:\/\/schema.org","@graph":[{"@type":"WebPage","@id":"https:\/\/www.gestoriamarrecampas.cat\/serveis\/juridic\/","url":"https:\/\/www.gestoriamarrecampas.cat\/serveis\/juridic\/","name":"JUR\u00cdDIC I MERCANTIL - Gestoria Marr\u00e9&Camp\u00e0s","isPartOf":{"@id":"https:\/\/www.gestoriamarrecampas.cat\/#website"},"primaryImageOfPage":{"@id":"https:\/\/www.gestoriamarrecampas.cat\/serveis\/juridic\/#primaryimage"},"image":{"@id":"https:\/\/www.gestoriamarrecampas.cat\/serveis\/juridic\/#primaryimage"},"thumbnailUrl":"http:\/\/www.gestoriamarrecampas.cat\/wp-content\/uploads\/2013\/01\/fotolia_52923532.jpg","datePublished":"2013-12-20T18:14:06+00:00","dateModified":"2014-06-01T12:47:40+00:00","description":"JUR\u00cdDIC I MERCANTIL - Dediquem amb qualitat i atenci\u00f3 personalitzada, a la defensa jur\u00eddica de persones i societats cobrint una \u00e0mplia varietat...","inLanguage":"es","potentialAction":[{"@type":"ReadAction","target":["https:\/\/www.gestoriamarrecampas.cat\/serveis\/juridic\/"]}]},{"@type":"ImageObject","inLanguage":"es","@id":"https:\/\/www.gestoriamarrecampas.cat\/serveis\/juridic\/#primaryimage","url":"http:\/\/www.gestoriamarrecampas.cat\/wp-content\/uploads\/2013\/01\/fotolia_52923532.jpg","contentUrl":"http:\/\/www.gestoriamarrecampas.cat\/wp-content\/uploads\/2013\/01\/fotolia_52923532.jpg"},{"@type":"WebSite","@id":"https:\/\/www.gestoriamarrecampas.cat\/#website","url":"https:\/\/www.gestoriamarrecampas.cat\/","name":"gestoriamarrecampas.cat","description":"La gestoria de confian\u00e7a!!","potentialAction":[{"@type":"SearchAction","target":{"@type":"EntryPoint","urlTemplate":"https:\/\/www.gestoriamarrecampas.cat\/?s={search_term_string}"},"query-input":{"@type":"PropertyValueSpecification","valueRequired":true,"valueName":"search_term_string"}}],"inLanguage":"es"}]}},"_links":{"self":[{"href":"https:\/\/www.gestoriamarrecampas.cat\/es\/wp-json\/wp\/v2\/pages\/2202","targetHints":{"allow":["GET"]}}],"collection":[{"href":"https:\/\/www.gestoriamarrecampas.cat\/es\/wp-json\/wp\/v2\/pages"}],"about":[{"href":"https:\/\/www.gestoriamarrecampas.cat\/es\/wp-json\/wp\/v2\/types\/page"}],"author":[{"embeddable":true,"href":"https:\/\/www.gestoriamarrecampas.cat\/es\/wp-json\/wp\/v2\/users\/1"}],"replies":[{"embeddable":true,"href":"https:\/\/www.gestoriamarrecampas.cat\/es\/wp-json\/wp\/v2\/comments?post=2202"}],"version-history":[{"count":5,"href":"https:\/\/www.gestoriamarrecampas.cat\/es\/wp-json\/wp\/v2\/pages\/2202\/revisions"}],"predecessor-version":[{"id":2253,"href":"https:\/\/www.gestoriamarrecampas.cat\/es\/wp-json\/wp\/v2\/pages\/2202\/revisions\/2253"}],"wp:attachment":[{"href":"https:\/\/www.gestoriamarrecampas.cat\/es\/wp-json\/wp\/v2\/media?parent=2202"}],"curies":[{"name":"wp","href":"https:\/\/api.w.org\/{rel}","templated":true}]}}