{"id":2179,"date":"2013-12-20T18:28:05","date_gmt":"2013-12-20T18:28:05","guid":{"rendered":"http:\/\/www.gestoriamarrecampas.cat\/?page_id=2179"},"modified":"2014-06-01T12:06:09","modified_gmt":"2014-06-01T12:06:09","slug":"ahorro","status":"publish","type":"page","link":"https:\/\/www.gestoriamarrecampas.cat\/es\/ahorro\/","title":{"rendered":"AHORRO"},"content":{"rendered":"<h1><span style=\"color: #b40838;\">Ahorro y jubilaci\u00f3n<\/span><\/h1>\n<p><strong>\u00a0<\/strong><\/p>\n<p>Sabemos que <strong style=\"color: #b40838;\">tus ahorros<\/strong>\u00a0son importantes. En la gestor\u00eda Marr\u00e9 &amp; Camp\u00e0s ponemos a tu disposici\u00f3n los <strong style=\"color: #b40838;\">asesores especializados<\/strong> para sacar el <strong style=\"color: #b40838;\">m\u00e1ximo rendimiento<\/strong>\u00a0y la m\u00e1xima seguridad.<\/p>\n<p><img loading=\"lazy\" decoding=\"async\" class=\"alignright wp-image-1944 size-full\" src=\"http:\/\/www.gestoriamarrecampas.cat\/wp-content\/uploads\/2013\/12\/estalvi-gestoria-campas-malgrat-mar.png\" alt=\"\" width=\"500\" height=\"214\" srcset=\"https:\/\/www.gestoriamarrecampas.cat\/wp-content\/uploads\/2013\/12\/estalvi-gestoria-campas-malgrat-mar.png 500w, https:\/\/www.gestoriamarrecampas.cat\/wp-content\/uploads\/2013\/12\/estalvi-gestoria-campas-malgrat-mar-300x128.png 300w, https:\/\/www.gestoriamarrecampas.cat\/wp-content\/uploads\/2013\/12\/estalvi-gestoria-campas-malgrat-mar-280x119.png 280w\" sizes=\"auto, (max-width: 500px) 100vw, 500px\" \/><\/p>\n<ul>\n<li>Planes de pensiones<\/li>\n<li>Plan de Previsi\u00f3n Asegurado &#8211; PPA<\/li>\n<li>Plan individual de ahorro sistem\u00e1tico &#8211; PIAS<\/li>\n<li>INVERCAPITAL<\/li>\n<\/ul>\n<p>&nbsp;<\/p>\n<h3><span style=\"color: #b40838;\">\u201cTu futuro es nuestro presente\u201d<\/span><\/h3>\n <a href=\"http:\/\/www.gestoriamarrecampas.cat\/es\/contacto\/\" class=\"btn   false\" target=\"_blank\"> INFORMATE <\/a>\n<p>&nbsp;<\/p>\n","protected":false},"excerpt":{"rendered":"<p>Ahorro y jubilaci\u00f3n \u00a0 Sabemos que tus ahorros\u00a0son importantes. En la gestor\u00eda Marr\u00e9 &amp; Camp\u00e0s ponemos a tu disposici\u00f3n los asesores especializados para sacar el m\u00e1ximo rendimiento\u00a0y la m\u00e1xima seguridad. Planes de pensiones Plan de Previsi\u00f3n Asegurado &#8211; PPA Plan individual de ahorro sistem\u00e1tico &#8211; PIAS INVERCAPITAL &nbsp; \u201cTu futuro es nuestro presente\u201d &nbsp;<\/p>\n","protected":false},"author":1,"featured_media":0,"parent":0,"menu_order":0,"comment_status":"closed","ping_status":"open","template":"","meta":{"footnotes":""},"class_list":["post-2179","page","type-page","status-publish","hentry"],"yoast_head":"<!-- This site is optimized with the Yoast SEO plugin v26.6 - https:\/\/yoast.com\/wordpress\/plugins\/seo\/ -->\n<title>Ahorro<\/title>\n<meta name=\"description\" content=\"Ahorro. Sabemos que tus ahorros son importantes por eso ponemos a tu disposici\u00f3n los asesores especializados para sacar el m\u00e1ximo rendimiento y seguridad.\" \/>\n<meta name=\"robots\" content=\"index, follow, max-snippet:-1, max-image-preview:large, max-video-preview:-1\" \/>\n<link rel=\"canonical\" href=\"https:\/\/www.gestoriamarrecampas.cat\/serveis\/estalvi\/\" \/>\n<meta property=\"og:locale\" content=\"es_ES\" \/>\n<meta property=\"og:type\" content=\"article\" \/>\n<meta property=\"og:title\" content=\"Ahorro\" \/>\n<meta property=\"og:description\" content=\"Ahorro. Sabemos que tus ahorros son importantes por eso ponemos a tu disposici\u00f3n los asesores especializados para sacar el m\u00e1ximo rendimiento y seguridad.\" \/>\n<meta property=\"og:url\" content=\"https:\/\/www.gestoriamarrecampas.cat\/serveis\/estalvi\/\" \/>\n<meta property=\"og:site_name\" content=\"gestoriamarrecampas.cat\" \/>\n<meta property=\"article:modified_time\" content=\"2014-06-01T12:06:09+00:00\" \/>\n<meta property=\"og:image\" content=\"http:\/\/www.gestoriamarrecampas.cat\/wp-content\/uploads\/2013\/12\/estalvi-gestoria-campas-malgrat-mar.png\" \/>\n<script type=\"application\/ld+json\" class=\"yoast-schema-graph\">{\"@context\":\"https:\/\/schema.org\",\"@graph\":[{\"@type\":\"WebPage\",\"@id\":\"https:\/\/www.gestoriamarrecampas.cat\/serveis\/estalvi\/\",\"url\":\"https:\/\/www.gestoriamarrecampas.cat\/serveis\/estalvi\/\",\"name\":\"Ahorro\",\"isPartOf\":{\"@id\":\"https:\/\/www.gestoriamarrecampas.cat\/#website\"},\"primaryImageOfPage\":{\"@id\":\"https:\/\/www.gestoriamarrecampas.cat\/serveis\/estalvi\/#primaryimage\"},\"image\":{\"@id\":\"https:\/\/www.gestoriamarrecampas.cat\/serveis\/estalvi\/#primaryimage\"},\"thumbnailUrl\":\"http:\/\/www.gestoriamarrecampas.cat\/wp-content\/uploads\/2013\/12\/estalvi-gestoria-campas-malgrat-mar.png\",\"datePublished\":\"2013-12-20T18:28:05+00:00\",\"dateModified\":\"2014-06-01T12:06:09+00:00\",\"description\":\"Ahorro. Sabemos que tus ahorros son importantes por eso ponemos a tu disposici\u00f3n los asesores especializados para sacar el m\u00e1ximo rendimiento y seguridad.\",\"inLanguage\":\"es\",\"potentialAction\":[{\"@type\":\"ReadAction\",\"target\":[\"https:\/\/www.gestoriamarrecampas.cat\/serveis\/estalvi\/\"]}]},{\"@type\":\"ImageObject\",\"inLanguage\":\"es\",\"@id\":\"https:\/\/www.gestoriamarrecampas.cat\/serveis\/estalvi\/#primaryimage\",\"url\":\"http:\/\/www.gestoriamarrecampas.cat\/wp-content\/uploads\/2013\/12\/estalvi-gestoria-campas-malgrat-mar.png\",\"contentUrl\":\"http:\/\/www.gestoriamarrecampas.cat\/wp-content\/uploads\/2013\/12\/estalvi-gestoria-campas-malgrat-mar.png\"},{\"@type\":\"WebSite\",\"@id\":\"https:\/\/www.gestoriamarrecampas.cat\/#website\",\"url\":\"https:\/\/www.gestoriamarrecampas.cat\/\",\"name\":\"gestoriamarrecampas.cat\",\"description\":\"La gestoria de confian\u00e7a!!\",\"potentialAction\":[{\"@type\":\"SearchAction\",\"target\":{\"@type\":\"EntryPoint\",\"urlTemplate\":\"https:\/\/www.gestoriamarrecampas.cat\/?s={search_term_string}\"},\"query-input\":{\"@type\":\"PropertyValueSpecification\",\"valueRequired\":true,\"valueName\":\"search_term_string\"}}],\"inLanguage\":\"es\"}]}<\/script>\n<!-- \/ Yoast SEO plugin. -->","yoast_head_json":{"title":"Ahorro","description":"Ahorro. Sabemos que tus ahorros son importantes por eso ponemos a tu disposici\u00f3n los asesores especializados para sacar el m\u00e1ximo rendimiento y seguridad.","robots":{"index":"index","follow":"follow","max-snippet":"max-snippet:-1","max-image-preview":"max-image-preview:large","max-video-preview":"max-video-preview:-1"},"canonical":"https:\/\/www.gestoriamarrecampas.cat\/serveis\/estalvi\/","og_locale":"es_ES","og_type":"article","og_title":"Ahorro","og_description":"Ahorro. Sabemos que tus ahorros son importantes por eso ponemos a tu disposici\u00f3n los asesores especializados para sacar el m\u00e1ximo rendimiento y seguridad.","og_url":"https:\/\/www.gestoriamarrecampas.cat\/serveis\/estalvi\/","og_site_name":"gestoriamarrecampas.cat","article_modified_time":"2014-06-01T12:06:09+00:00","og_image":[{"url":"http:\/\/www.gestoriamarrecampas.cat\/wp-content\/uploads\/2013\/12\/estalvi-gestoria-campas-malgrat-mar.png","type":"","width":"","height":""}],"schema":{"@context":"https:\/\/schema.org","@graph":[{"@type":"WebPage","@id":"https:\/\/www.gestoriamarrecampas.cat\/serveis\/estalvi\/","url":"https:\/\/www.gestoriamarrecampas.cat\/serveis\/estalvi\/","name":"Ahorro","isPartOf":{"@id":"https:\/\/www.gestoriamarrecampas.cat\/#website"},"primaryImageOfPage":{"@id":"https:\/\/www.gestoriamarrecampas.cat\/serveis\/estalvi\/#primaryimage"},"image":{"@id":"https:\/\/www.gestoriamarrecampas.cat\/serveis\/estalvi\/#primaryimage"},"thumbnailUrl":"http:\/\/www.gestoriamarrecampas.cat\/wp-content\/uploads\/2013\/12\/estalvi-gestoria-campas-malgrat-mar.png","datePublished":"2013-12-20T18:28:05+00:00","dateModified":"2014-06-01T12:06:09+00:00","description":"Ahorro. Sabemos que tus ahorros son importantes por eso ponemos a tu disposici\u00f3n los asesores especializados para sacar el m\u00e1ximo rendimiento y seguridad.","inLanguage":"es","potentialAction":[{"@type":"ReadAction","target":["https:\/\/www.gestoriamarrecampas.cat\/serveis\/estalvi\/"]}]},{"@type":"ImageObject","inLanguage":"es","@id":"https:\/\/www.gestoriamarrecampas.cat\/serveis\/estalvi\/#primaryimage","url":"http:\/\/www.gestoriamarrecampas.cat\/wp-content\/uploads\/2013\/12\/estalvi-gestoria-campas-malgrat-mar.png","contentUrl":"http:\/\/www.gestoriamarrecampas.cat\/wp-content\/uploads\/2013\/12\/estalvi-gestoria-campas-malgrat-mar.png"},{"@type":"WebSite","@id":"https:\/\/www.gestoriamarrecampas.cat\/#website","url":"https:\/\/www.gestoriamarrecampas.cat\/","name":"gestoriamarrecampas.cat","description":"La gestoria de confian\u00e7a!!","potentialAction":[{"@type":"SearchAction","target":{"@type":"EntryPoint","urlTemplate":"https:\/\/www.gestoriamarrecampas.cat\/?s={search_term_string}"},"query-input":{"@type":"PropertyValueSpecification","valueRequired":true,"valueName":"search_term_string"}}],"inLanguage":"es"}]}},"_links":{"self":[{"href":"https:\/\/www.gestoriamarrecampas.cat\/es\/wp-json\/wp\/v2\/pages\/2179","targetHints":{"allow":["GET"]}}],"collection":[{"href":"https:\/\/www.gestoriamarrecampas.cat\/es\/wp-json\/wp\/v2\/pages"}],"about":[{"href":"https:\/\/www.gestoriamarrecampas.cat\/es\/wp-json\/wp\/v2\/types\/page"}],"author":[{"embeddable":true,"href":"https:\/\/www.gestoriamarrecampas.cat\/es\/wp-json\/wp\/v2\/users\/1"}],"replies":[{"embeddable":true,"href":"https:\/\/www.gestoriamarrecampas.cat\/es\/wp-json\/wp\/v2\/comments?post=2179"}],"version-history":[{"count":6,"href":"https:\/\/www.gestoriamarrecampas.cat\/es\/wp-json\/wp\/v2\/pages\/2179\/revisions"}],"predecessor-version":[{"id":2235,"href":"https:\/\/www.gestoriamarrecampas.cat\/es\/wp-json\/wp\/v2\/pages\/2179\/revisions\/2235"}],"wp:attachment":[{"href":"https:\/\/www.gestoriamarrecampas.cat\/es\/wp-json\/wp\/v2\/media?parent=2179"}],"curies":[{"name":"wp","href":"https:\/\/api.w.org\/{rel}","templated":true}]}}