{"id":2170,"date":"2013-11-30T11:08:29","date_gmt":"2013-11-30T11:08:29","guid":{"rendered":"http:\/\/www.gestoriamarrecampas.cat\/?page_id=2170"},"modified":"2014-06-01T17:37:46","modified_gmt":"2014-06-01T17:37:46","slug":"asesoramiento-fiscal","status":"publish","type":"page","link":"https:\/\/www.gestoriamarrecampas.cat\/es\/asesoramiento-fiscal\/","title":{"rendered":"ASESORAMIENTO FISCAL"},"content":{"rendered":"<h1><span style=\"color: #b40838;\">Asesoramiento fiscal<\/span><\/h1>\n<p>&nbsp;<\/p>\n<p><span style=\"color: #b40838;\"><strong>Asesoramos<\/strong><\/span> a los clientes en todas las cuestiones relativas a la<span style=\"color: #b40838;\"><strong> fiscalidad<\/strong><\/span> y la <span style=\"color: #b40838;\"><strong>tributaci\u00f3n<\/strong><\/span>, tanto a nivel particular como a nivel empresarial; informando de todas las novedades que puedan afectarles.<\/p>\n<p><img loading=\"lazy\" decoding=\"async\" class=\"alignright\" src=\"http:\/\/www.gestoriamarrecampas.cat\/wp-content\/uploads\/2013\/01\/ASSESSORAMENT-FISCAL.jpg\" alt=\"assessorament fiscatl gestoria malgrat\" width=\"369\" height=\"246\" \/><\/p>\n<p>Los principales servicios que ofrecemos son:<\/p>\n<ul>\n<li><strong style=\"color: #b40838;\">Declaraciones censales-<strong style=\"color: #b40838;\">IAE<\/strong><\/strong>.<\/li>\n<li><strong style=\"color: #b40838;\">Asesoramiento tributario<\/strong>.<\/li>\n<li><strong style=\"color: #b40838;\">Asistencia, representaci\u00f3n y defensa\u00a0<\/strong>ante la Administraci\u00f3n.<\/li>\n<li>Elaboraci\u00f3n <strong style=\"color: #b40838;\">contabilidad<\/strong>.<\/li>\n<li>Gesti\u00f3n y presentaci\u00f3n de impuestos\u00a0(<span style=\"color: #b40838;\"><strong>IVA, IRPF, Impuesto de Sociedades<\/strong><\/span>, &#8230;)<\/li>\n<li>Declaraciones de\u00a0<strong style=\"color: #b40838;\">Renta<\/strong>.<\/li>\n<li>Declaraciones \u00a0<span style=\"color: #b40838;\"><strong>intracomunitaras e Intraestados<\/strong><\/span>.<\/li>\n<li><strong><strong style=\"color: #b40838;\">Tax-free.<\/strong><\/strong><\/li>\n<li><strong style=\"color: #b40838;\">Recursos y aplazamientos<\/strong>.<\/li>\n<li>Gesti\u00f3n del\u00a0<strong style=\"color: #b40838;\">buz\u00f3n de notificaciones electr\u00f3nicas.<\/strong><\/li>\n<\/ul>\n<p>&nbsp;<\/p>\n<h3><span style=\"color: #b40838;\">\u201c Garantizamos una excelente eficacia en nuestra actuaci\u00f3n\u201d<\/span><\/h3>\n <a href=\"http:\/\/www.gestoriamarrecampas.cat\/es\/contacto\/\" class=\"btn   false\" target=\"_blank\"> INFORMATE <\/a>\n","protected":false},"excerpt":{"rendered":"<p>Asesoramiento fiscal &nbsp; Asesoramos a los clientes en todas las cuestiones relativas a la fiscalidad y la tributaci\u00f3n, tanto a nivel particular como a nivel empresarial; informando de todas las novedades que puedan afectarles. Los principales servicios que ofrecemos son: Declaraciones censales-IAE. Asesoramiento tributario. Asistencia, representaci\u00f3n y defensa\u00a0ante la Administraci\u00f3n. Elaboraci\u00f3n contabilidad. Gesti\u00f3n y presentaci\u00f3n<\/p>\n","protected":false},"author":1,"featured_media":1431,"parent":0,"menu_order":0,"comment_status":"closed","ping_status":"closed","template":"","meta":{"footnotes":""},"class_list":["post-2170","page","type-page","status-publish","has-post-thumbnail","hentry"],"yoast_head":"<!-- This site is optimized with the Yoast SEO plugin v26.6 - https:\/\/yoast.com\/wordpress\/plugins\/seo\/ -->\n<title>ASESORAMIENTO FISCAL<\/title>\n<meta name=\"description\" content=\"ASESORAMIENTO FISCAL. Asesoramos a los clientes en todas las cuestiones relativas a la fiscalidad y la tributaci\u00f3n.\" \/>\n<meta name=\"robots\" content=\"index, follow, max-snippet:-1, max-image-preview:large, max-video-preview:-1\" \/>\n<link rel=\"canonical\" href=\"https:\/\/www.gestoriamarrecampas.cat\/serveis\/assessorament-fiscal\/\" \/>\n<meta property=\"og:locale\" content=\"es_ES\" \/>\n<meta property=\"og:type\" content=\"article\" \/>\n<meta property=\"og:title\" content=\"ASESORAMIENTO FISCAL\" \/>\n<meta property=\"og:description\" content=\"ASESORAMIENTO FISCAL. Asesoramos a los clientes en todas las cuestiones relativas a la fiscalidad y la tributaci\u00f3n.\" \/>\n<meta property=\"og:url\" content=\"https:\/\/www.gestoriamarrecampas.cat\/serveis\/assessorament-fiscal\/\" \/>\n<meta property=\"og:site_name\" content=\"gestoriamarrecampas.cat\" \/>\n<meta property=\"article:modified_time\" content=\"2014-06-01T17:37:46+00:00\" \/>\n<meta property=\"og:image\" content=\"https:\/\/www.gestoriamarrecampas.cat\/wp-content\/uploads\/2013\/01\/ASSESSORAMENT-FISCAL.jpg\" \/>\n\t<meta property=\"og:image:width\" content=\"512\" \/>\n\t<meta property=\"og:image:height\" content=\"341\" \/>\n\t<meta property=\"og:image:type\" content=\"image\/jpeg\" \/>\n<meta name=\"twitter:label1\" content=\"Tiempo de lectura\" \/>\n\t<meta name=\"twitter:data1\" content=\"1 minuto\" \/>\n<script type=\"application\/ld+json\" class=\"yoast-schema-graph\">{\"@context\":\"https:\/\/schema.org\",\"@graph\":[{\"@type\":\"WebPage\",\"@id\":\"https:\/\/www.gestoriamarrecampas.cat\/serveis\/assessorament-fiscal\/\",\"url\":\"https:\/\/www.gestoriamarrecampas.cat\/serveis\/assessorament-fiscal\/\",\"name\":\"ASESORAMIENTO FISCAL\",\"isPartOf\":{\"@id\":\"https:\/\/www.gestoriamarrecampas.cat\/#website\"},\"primaryImageOfPage\":{\"@id\":\"https:\/\/www.gestoriamarrecampas.cat\/serveis\/assessorament-fiscal\/#primaryimage\"},\"image\":{\"@id\":\"https:\/\/www.gestoriamarrecampas.cat\/serveis\/assessorament-fiscal\/#primaryimage\"},\"thumbnailUrl\":\"https:\/\/www.gestoriamarrecampas.cat\/wp-content\/uploads\/2013\/01\/ASSESSORAMENT-FISCAL.jpg\",\"datePublished\":\"2013-11-30T11:08:29+00:00\",\"dateModified\":\"2014-06-01T17:37:46+00:00\",\"description\":\"ASESORAMIENTO FISCAL. Asesoramos a los clientes en todas las cuestiones relativas a la fiscalidad y la tributaci\u00f3n.\",\"inLanguage\":\"es\",\"potentialAction\":[{\"@type\":\"ReadAction\",\"target\":[\"https:\/\/www.gestoriamarrecampas.cat\/serveis\/assessorament-fiscal\/\"]}]},{\"@type\":\"ImageObject\",\"inLanguage\":\"es\",\"@id\":\"https:\/\/www.gestoriamarrecampas.cat\/serveis\/assessorament-fiscal\/#primaryimage\",\"url\":\"https:\/\/www.gestoriamarrecampas.cat\/wp-content\/uploads\/2013\/01\/ASSESSORAMENT-FISCAL.jpg\",\"contentUrl\":\"https:\/\/www.gestoriamarrecampas.cat\/wp-content\/uploads\/2013\/01\/ASSESSORAMENT-FISCAL.jpg\",\"width\":512,\"height\":341},{\"@type\":\"WebSite\",\"@id\":\"https:\/\/www.gestoriamarrecampas.cat\/#website\",\"url\":\"https:\/\/www.gestoriamarrecampas.cat\/\",\"name\":\"gestoriamarrecampas.cat\",\"description\":\"La gestoria de confian\u00e7a!!\",\"potentialAction\":[{\"@type\":\"SearchAction\",\"target\":{\"@type\":\"EntryPoint\",\"urlTemplate\":\"https:\/\/www.gestoriamarrecampas.cat\/?s={search_term_string}\"},\"query-input\":{\"@type\":\"PropertyValueSpecification\",\"valueRequired\":true,\"valueName\":\"search_term_string\"}}],\"inLanguage\":\"es\"}]}<\/script>\n<!-- \/ Yoast SEO plugin. -->","yoast_head_json":{"title":"ASESORAMIENTO FISCAL","description":"ASESORAMIENTO FISCAL. Asesoramos a los clientes en todas las cuestiones relativas a la fiscalidad y la tributaci\u00f3n.","robots":{"index":"index","follow":"follow","max-snippet":"max-snippet:-1","max-image-preview":"max-image-preview:large","max-video-preview":"max-video-preview:-1"},"canonical":"https:\/\/www.gestoriamarrecampas.cat\/serveis\/assessorament-fiscal\/","og_locale":"es_ES","og_type":"article","og_title":"ASESORAMIENTO FISCAL","og_description":"ASESORAMIENTO FISCAL. Asesoramos a los clientes en todas las cuestiones relativas a la fiscalidad y la tributaci\u00f3n.","og_url":"https:\/\/www.gestoriamarrecampas.cat\/serveis\/assessorament-fiscal\/","og_site_name":"gestoriamarrecampas.cat","article_modified_time":"2014-06-01T17:37:46+00:00","og_image":[{"width":512,"height":341,"url":"https:\/\/www.gestoriamarrecampas.cat\/wp-content\/uploads\/2013\/01\/ASSESSORAMENT-FISCAL.jpg","type":"image\/jpeg"}],"twitter_misc":{"Tiempo de lectura":"1 minuto"},"schema":{"@context":"https:\/\/schema.org","@graph":[{"@type":"WebPage","@id":"https:\/\/www.gestoriamarrecampas.cat\/serveis\/assessorament-fiscal\/","url":"https:\/\/www.gestoriamarrecampas.cat\/serveis\/assessorament-fiscal\/","name":"ASESORAMIENTO FISCAL","isPartOf":{"@id":"https:\/\/www.gestoriamarrecampas.cat\/#website"},"primaryImageOfPage":{"@id":"https:\/\/www.gestoriamarrecampas.cat\/serveis\/assessorament-fiscal\/#primaryimage"},"image":{"@id":"https:\/\/www.gestoriamarrecampas.cat\/serveis\/assessorament-fiscal\/#primaryimage"},"thumbnailUrl":"https:\/\/www.gestoriamarrecampas.cat\/wp-content\/uploads\/2013\/01\/ASSESSORAMENT-FISCAL.jpg","datePublished":"2013-11-30T11:08:29+00:00","dateModified":"2014-06-01T17:37:46+00:00","description":"ASESORAMIENTO FISCAL. Asesoramos a los clientes en todas las cuestiones relativas a la fiscalidad y la tributaci\u00f3n.","inLanguage":"es","potentialAction":[{"@type":"ReadAction","target":["https:\/\/www.gestoriamarrecampas.cat\/serveis\/assessorament-fiscal\/"]}]},{"@type":"ImageObject","inLanguage":"es","@id":"https:\/\/www.gestoriamarrecampas.cat\/serveis\/assessorament-fiscal\/#primaryimage","url":"https:\/\/www.gestoriamarrecampas.cat\/wp-content\/uploads\/2013\/01\/ASSESSORAMENT-FISCAL.jpg","contentUrl":"https:\/\/www.gestoriamarrecampas.cat\/wp-content\/uploads\/2013\/01\/ASSESSORAMENT-FISCAL.jpg","width":512,"height":341},{"@type":"WebSite","@id":"https:\/\/www.gestoriamarrecampas.cat\/#website","url":"https:\/\/www.gestoriamarrecampas.cat\/","name":"gestoriamarrecampas.cat","description":"La gestoria de confian\u00e7a!!","potentialAction":[{"@type":"SearchAction","target":{"@type":"EntryPoint","urlTemplate":"https:\/\/www.gestoriamarrecampas.cat\/?s={search_term_string}"},"query-input":{"@type":"PropertyValueSpecification","valueRequired":true,"valueName":"search_term_string"}}],"inLanguage":"es"}]}},"_links":{"self":[{"href":"https:\/\/www.gestoriamarrecampas.cat\/es\/wp-json\/wp\/v2\/pages\/2170","targetHints":{"allow":["GET"]}}],"collection":[{"href":"https:\/\/www.gestoriamarrecampas.cat\/es\/wp-json\/wp\/v2\/pages"}],"about":[{"href":"https:\/\/www.gestoriamarrecampas.cat\/es\/wp-json\/wp\/v2\/types\/page"}],"author":[{"embeddable":true,"href":"https:\/\/www.gestoriamarrecampas.cat\/es\/wp-json\/wp\/v2\/users\/1"}],"replies":[{"embeddable":true,"href":"https:\/\/www.gestoriamarrecampas.cat\/es\/wp-json\/wp\/v2\/comments?post=2170"}],"version-history":[{"count":10,"href":"https:\/\/www.gestoriamarrecampas.cat\/es\/wp-json\/wp\/v2\/pages\/2170\/revisions"}],"predecessor-version":[{"id":2264,"href":"https:\/\/www.gestoriamarrecampas.cat\/es\/wp-json\/wp\/v2\/pages\/2170\/revisions\/2264"}],"wp:featuredmedia":[{"embeddable":true,"href":"https:\/\/www.gestoriamarrecampas.cat\/es\/wp-json\/wp\/v2\/media\/1431"}],"wp:attachment":[{"href":"https:\/\/www.gestoriamarrecampas.cat\/es\/wp-json\/wp\/v2\/media?parent=2170"}],"curies":[{"name":"wp","href":"https:\/\/api.w.org\/{rel}","templated":true}]}}