{"id":2162,"date":"2013-12-20T18:18:16","date_gmt":"2013-12-20T18:18:16","guid":{"rendered":"http:\/\/www.gestoriamarrecampas.cat\/?page_id=2162"},"modified":"2014-06-01T17:53:20","modified_gmt":"2014-06-01T17:53:20","slug":"transit","status":"publish","type":"page","link":"https:\/\/www.gestoriamarrecampas.cat\/es\/transit\/","title":{"rendered":"TRAFICO"},"content":{"rendered":"<h1><span style=\"color: #b40838;\"><strong>Gestiones y Tr\u00e1mites Administrativos<\/strong><\/span><\/h1>\n<p>&nbsp;<\/p>\n<p>Gestionamos y hacemos <strong><span style=\"color: #b40838;\">tr\u00e1mites de tr\u00e1nsito y administrativos <\/span><\/strong>con una atenci\u00f3n personalizada con especialistas en diferentes campos:<br \/>\n<b style=\"color: #000000;\"><img loading=\"lazy\" decoding=\"async\" class=\"alignright wp-image-1955\" src=\"http:\/\/www.gestoriamarrecampas.cat\/wp-content\/uploads\/2013\/12\/tramits-transit-i-trasport-gestoria-marre-campas.png\" alt=\"trafico gestoria marr\u00e9 camp\u00e0s\" width=\"393\" height=\"262\" srcset=\"https:\/\/www.gestoriamarrecampas.cat\/wp-content\/uploads\/2013\/12\/tramits-transit-i-trasport-gestoria-marre-campas.png 512w, https:\/\/www.gestoriamarrecampas.cat\/wp-content\/uploads\/2013\/12\/tramits-transit-i-trasport-gestoria-marre-campas-300x199.png 300w, https:\/\/www.gestoriamarrecampas.cat\/wp-content\/uploads\/2013\/12\/tramits-transit-i-trasport-gestoria-marre-campas-280x187.png 280w\" sizes=\"auto, (max-width: 393px) 100vw, 393px\" \/><\/b><\/p>\n<ul>\n<li>Tr\u00e1fico\u00a0<b style=\"color: #000000;\"><\/b><\/li>\n<li>Transportes<\/li>\n<li>Ayuntamientos y corporaciones locales<\/li>\n<li>Agricultura<\/li>\n<li>Industria y\u00a0Energ\u00eda<\/li>\n<li>Turismo<\/li>\n<li>Sanidad<\/li>\n<li>Patentes y marcas<\/li>\n<li>Asesoramiento en gestiones espec\u00edficas<\/li>\n<\/ul>\n<p>&nbsp;<\/p>\n<h3><span style=\"color: #b40838;\">\u00a0\u201cTe ayudamos a gestionar los tr\u00e1mites necesarios\u201d<\/span><\/h3>\n <a href=\"http:\/\/www.gestoriamarrecampas.cat\/es\/contacto\/\" class=\"btn   false\" target=\"_blank\"> INFORMATE <\/a>\n","protected":false},"excerpt":{"rendered":"<p>Gestiones y Tr\u00e1mites Administrativos &nbsp; Gestionamos y hacemos tr\u00e1mites de tr\u00e1nsito y administrativos con una atenci\u00f3n personalizada con especialistas en diferentes campos: Tr\u00e1fico\u00a0 Transportes Ayuntamientos y corporaciones locales Agricultura Industria y\u00a0Energ\u00eda Turismo Sanidad Patentes y marcas Asesoramiento en gestiones espec\u00edficas &nbsp; \u00a0\u201cTe ayudamos a gestionar los tr\u00e1mites necesarios\u201d<\/p>\n","protected":false},"author":1,"featured_media":0,"parent":0,"menu_order":0,"comment_status":"closed","ping_status":"open","template":"","meta":{"footnotes":""},"class_list":["post-2162","page","type-page","status-publish","hentry"],"yoast_head":"<!-- This site is optimized with the Yoast SEO plugin v26.6 - https:\/\/yoast.com\/wordpress\/plugins\/seo\/ -->\n<title>TRAFICO<\/title>\n<meta name=\"description\" content=\"TRAFICO. Gestiones de tr\u00e1fico y Tr\u00e1mites Administrativos - Gestionamos y hacemos tr\u00e1mites administrativos con una atenci\u00f3n personalizada.\" \/>\n<meta name=\"robots\" content=\"index, follow, max-snippet:-1, max-image-preview:large, max-video-preview:-1\" \/>\n<link rel=\"canonical\" href=\"https:\/\/www.gestoriamarrecampas.cat\/serveis\/transit\/\" \/>\n<meta property=\"og:locale\" content=\"es_ES\" \/>\n<meta property=\"og:type\" content=\"article\" \/>\n<meta property=\"og:title\" content=\"TRAFICO\" \/>\n<meta property=\"og:description\" content=\"TRAFICO. Gestiones de tr\u00e1fico y Tr\u00e1mites Administrativos - Gestionamos y hacemos tr\u00e1mites administrativos con una atenci\u00f3n personalizada.\" \/>\n<meta property=\"og:url\" content=\"https:\/\/www.gestoriamarrecampas.cat\/serveis\/transit\/\" \/>\n<meta property=\"og:site_name\" content=\"gestoriamarrecampas.cat\" \/>\n<meta property=\"article:modified_time\" content=\"2014-06-01T17:53:20+00:00\" \/>\n<meta property=\"og:image\" content=\"http:\/\/www.gestoriamarrecampas.cat\/wp-content\/uploads\/2013\/12\/tramits-transit-i-trasport-gestoria-marre-campas.png\" \/>\n<script type=\"application\/ld+json\" class=\"yoast-schema-graph\">{\"@context\":\"https:\/\/schema.org\",\"@graph\":[{\"@type\":\"WebPage\",\"@id\":\"https:\/\/www.gestoriamarrecampas.cat\/serveis\/transit\/\",\"url\":\"https:\/\/www.gestoriamarrecampas.cat\/serveis\/transit\/\",\"name\":\"TRAFICO\",\"isPartOf\":{\"@id\":\"https:\/\/www.gestoriamarrecampas.cat\/#website\"},\"primaryImageOfPage\":{\"@id\":\"https:\/\/www.gestoriamarrecampas.cat\/serveis\/transit\/#primaryimage\"},\"image\":{\"@id\":\"https:\/\/www.gestoriamarrecampas.cat\/serveis\/transit\/#primaryimage\"},\"thumbnailUrl\":\"http:\/\/www.gestoriamarrecampas.cat\/wp-content\/uploads\/2013\/12\/tramits-transit-i-trasport-gestoria-marre-campas.png\",\"datePublished\":\"2013-12-20T18:18:16+00:00\",\"dateModified\":\"2014-06-01T17:53:20+00:00\",\"description\":\"TRAFICO. Gestiones de tr\u00e1fico y Tr\u00e1mites Administrativos - Gestionamos y hacemos tr\u00e1mites administrativos con una atenci\u00f3n personalizada.\",\"inLanguage\":\"es\",\"potentialAction\":[{\"@type\":\"ReadAction\",\"target\":[\"https:\/\/www.gestoriamarrecampas.cat\/serveis\/transit\/\"]}]},{\"@type\":\"ImageObject\",\"inLanguage\":\"es\",\"@id\":\"https:\/\/www.gestoriamarrecampas.cat\/serveis\/transit\/#primaryimage\",\"url\":\"http:\/\/www.gestoriamarrecampas.cat\/wp-content\/uploads\/2013\/12\/tramits-transit-i-trasport-gestoria-marre-campas.png\",\"contentUrl\":\"http:\/\/www.gestoriamarrecampas.cat\/wp-content\/uploads\/2013\/12\/tramits-transit-i-trasport-gestoria-marre-campas.png\"},{\"@type\":\"WebSite\",\"@id\":\"https:\/\/www.gestoriamarrecampas.cat\/#website\",\"url\":\"https:\/\/www.gestoriamarrecampas.cat\/\",\"name\":\"gestoriamarrecampas.cat\",\"description\":\"La gestoria de confian\u00e7a!!\",\"potentialAction\":[{\"@type\":\"SearchAction\",\"target\":{\"@type\":\"EntryPoint\",\"urlTemplate\":\"https:\/\/www.gestoriamarrecampas.cat\/?s={search_term_string}\"},\"query-input\":{\"@type\":\"PropertyValueSpecification\",\"valueRequired\":true,\"valueName\":\"search_term_string\"}}],\"inLanguage\":\"es\"}]}<\/script>\n<!-- \/ Yoast SEO plugin. -->","yoast_head_json":{"title":"TRAFICO","description":"TRAFICO. Gestiones de tr\u00e1fico y Tr\u00e1mites Administrativos - Gestionamos y hacemos tr\u00e1mites administrativos con una atenci\u00f3n personalizada.","robots":{"index":"index","follow":"follow","max-snippet":"max-snippet:-1","max-image-preview":"max-image-preview:large","max-video-preview":"max-video-preview:-1"},"canonical":"https:\/\/www.gestoriamarrecampas.cat\/serveis\/transit\/","og_locale":"es_ES","og_type":"article","og_title":"TRAFICO","og_description":"TRAFICO. Gestiones de tr\u00e1fico y Tr\u00e1mites Administrativos - Gestionamos y hacemos tr\u00e1mites administrativos con una atenci\u00f3n personalizada.","og_url":"https:\/\/www.gestoriamarrecampas.cat\/serveis\/transit\/","og_site_name":"gestoriamarrecampas.cat","article_modified_time":"2014-06-01T17:53:20+00:00","og_image":[{"url":"http:\/\/www.gestoriamarrecampas.cat\/wp-content\/uploads\/2013\/12\/tramits-transit-i-trasport-gestoria-marre-campas.png","type":"","width":"","height":""}],"schema":{"@context":"https:\/\/schema.org","@graph":[{"@type":"WebPage","@id":"https:\/\/www.gestoriamarrecampas.cat\/serveis\/transit\/","url":"https:\/\/www.gestoriamarrecampas.cat\/serveis\/transit\/","name":"TRAFICO","isPartOf":{"@id":"https:\/\/www.gestoriamarrecampas.cat\/#website"},"primaryImageOfPage":{"@id":"https:\/\/www.gestoriamarrecampas.cat\/serveis\/transit\/#primaryimage"},"image":{"@id":"https:\/\/www.gestoriamarrecampas.cat\/serveis\/transit\/#primaryimage"},"thumbnailUrl":"http:\/\/www.gestoriamarrecampas.cat\/wp-content\/uploads\/2013\/12\/tramits-transit-i-trasport-gestoria-marre-campas.png","datePublished":"2013-12-20T18:18:16+00:00","dateModified":"2014-06-01T17:53:20+00:00","description":"TRAFICO. Gestiones de tr\u00e1fico y Tr\u00e1mites Administrativos - Gestionamos y hacemos tr\u00e1mites administrativos con una atenci\u00f3n personalizada.","inLanguage":"es","potentialAction":[{"@type":"ReadAction","target":["https:\/\/www.gestoriamarrecampas.cat\/serveis\/transit\/"]}]},{"@type":"ImageObject","inLanguage":"es","@id":"https:\/\/www.gestoriamarrecampas.cat\/serveis\/transit\/#primaryimage","url":"http:\/\/www.gestoriamarrecampas.cat\/wp-content\/uploads\/2013\/12\/tramits-transit-i-trasport-gestoria-marre-campas.png","contentUrl":"http:\/\/www.gestoriamarrecampas.cat\/wp-content\/uploads\/2013\/12\/tramits-transit-i-trasport-gestoria-marre-campas.png"},{"@type":"WebSite","@id":"https:\/\/www.gestoriamarrecampas.cat\/#website","url":"https:\/\/www.gestoriamarrecampas.cat\/","name":"gestoriamarrecampas.cat","description":"La gestoria de confian\u00e7a!!","potentialAction":[{"@type":"SearchAction","target":{"@type":"EntryPoint","urlTemplate":"https:\/\/www.gestoriamarrecampas.cat\/?s={search_term_string}"},"query-input":{"@type":"PropertyValueSpecification","valueRequired":true,"valueName":"search_term_string"}}],"inLanguage":"es"}]}},"_links":{"self":[{"href":"https:\/\/www.gestoriamarrecampas.cat\/es\/wp-json\/wp\/v2\/pages\/2162","targetHints":{"allow":["GET"]}}],"collection":[{"href":"https:\/\/www.gestoriamarrecampas.cat\/es\/wp-json\/wp\/v2\/pages"}],"about":[{"href":"https:\/\/www.gestoriamarrecampas.cat\/es\/wp-json\/wp\/v2\/types\/page"}],"author":[{"embeddable":true,"href":"https:\/\/www.gestoriamarrecampas.cat\/es\/wp-json\/wp\/v2\/users\/1"}],"replies":[{"embeddable":true,"href":"https:\/\/www.gestoriamarrecampas.cat\/es\/wp-json\/wp\/v2\/comments?post=2162"}],"version-history":[{"count":8,"href":"https:\/\/www.gestoriamarrecampas.cat\/es\/wp-json\/wp\/v2\/pages\/2162\/revisions"}],"predecessor-version":[{"id":2272,"href":"https:\/\/www.gestoriamarrecampas.cat\/es\/wp-json\/wp\/v2\/pages\/2162\/revisions\/2272"}],"wp:attachment":[{"href":"https:\/\/www.gestoriamarrecampas.cat\/es\/wp-json\/wp\/v2\/media?parent=2162"}],"curies":[{"name":"wp","href":"https:\/\/api.w.org\/{rel}","templated":true}]}}