{"id":2153,"date":"2013-12-20T18:07:10","date_gmt":"2013-12-20T18:07:10","guid":{"rendered":"http:\/\/www.gestoriamarrecampas.cat\/?page_id=2153"},"modified":"2016-10-04T16:12:59","modified_gmt":"2016-10-04T16:12:59","slug":"laboral","status":"publish","type":"page","link":"https:\/\/www.gestoriamarrecampas.cat\/es\/laboral\/","title":{"rendered":"LABORAL"},"content":{"rendered":"<h1><span style=\"color: #b40838;\"><strong>Gesti\u00f3 laboral<\/strong><\/span><\/h1>\n<p>&nbsp;<\/p>\n<p>Dins de l\u2019\u00e0mbit laboral disposem d\u2019un ampli ventall de serveis per realitzar totes les gestions necess\u00e0ries per a la seva empresa:<\/p>\n<p><a href=\"http:\/\/www.gestoriamarrecampas.cat\/wp-content\/uploads\/2013\/12\/gesti\u00f3-laboral-marre-camp\u00e0s_opt.png\"><img loading=\"lazy\" decoding=\"async\" class=\"size-full wp-image-2374 alignright\" src=\"http:\/\/www.gestoriamarrecampas.cat\/wp-content\/uploads\/2013\/12\/laboral.jpg\" alt=\"laboral\" width=\"512\" height=\"341\" srcset=\"https:\/\/www.gestoriamarrecampas.cat\/wp-content\/uploads\/2013\/12\/laboral.jpg 512w, https:\/\/www.gestoriamarrecampas.cat\/wp-content\/uploads\/2013\/12\/laboral-300x200.jpg 300w, https:\/\/www.gestoriamarrecampas.cat\/wp-content\/uploads\/2013\/12\/laboral-280x187.jpg 280w\" sizes=\"auto, (max-width: 512px) 100vw, 512px\" \/><\/a><\/p>\n<p>&nbsp;<\/p>\n<ul>\n<li>Alta inicial a la <span style=\"color: #b40838;\"><strong>Seguretat Social.<\/strong><\/span><\/li>\n<li>Confecci\u00f3 de <span style=\"color: #b40838;\"><strong>contractes de treball.<\/strong><\/span><\/li>\n<li><span style=\"color: #b40838;\"><strong>Rebuts de salaris i cotitzaci\u00f3<\/strong><\/span> a la Seguretat Social.<\/li>\n<li><span style=\"color: #b40838;\"><strong>Gesti\u00f3 de R\u00e8gims Especials de la Seguretat Social<\/strong><\/span>: Aut\u00f2noms, Empleats de la llar, Agrari, Conveni Especial.<\/li>\n<li>Control de<span style=\"color: #b40838;\"><strong> finalitzaci\u00f3 o pr\u00f2rroga dels contractes eventuals.<\/strong><\/span><\/li>\n<li>Estudi i c\u00e0lculs de <span style=\"color: #b40838;\"><strong>costos salarials i acomiadaments.<\/strong><\/span><\/li>\n<li>Confecci\u00f3 i presentaci\u00f3 de declaracions correponents a les<span style=\"color: #b40838;\"><strong> retencions d\u2019IRPF<\/strong><\/span> dels treballadors.<\/li>\n<li>Controls i seguiments dels processos d<strong>\u2019<span style=\"color: #b40838;\">incapacitat temporal.<\/span><\/strong><\/li>\n<li>Tramitaci\u00f3 d\u2019expedients de prestacions de la <span style=\"color: #b40838;\"><strong>Seguretat Social<\/strong><\/span>: malaltia, accidents,\u00a0 maternitat, paternitat, jubilaci\u00f3, viudetat i invalidesa.<\/li>\n<li><strong><span style=\"color: #b40838;\">Capitalitzaci\u00f3 d\u2019atur.<\/span><\/strong><\/li>\n<li>Assist\u00e8ncia i defensa a\u00a0 <span style=\"color: #b40838;\"><strong>Inspeccions de Treball i Seguretat Social.<\/strong><\/span><\/li>\n<li><span style=\"color: #b40838;\"><strong>Tramitaci\u00f3 d\u2019actes<\/strong><\/span> de conciliaci\u00f3 i assist\u00e8ncia al\u00a0 SMAC.<\/li>\n<li>Tramitaci\u00f3 d\u2019<strong><span style=\"color: #b40838;\">Expedients de Regulaci\u00f3 d\u2019Ocupaci\u00f3 (ERO).<\/span><\/strong><\/li>\n<li>Tramitaci\u00f3 d\u2019<strong><span style=\"color: #b40838;\">ajornaments amb la Seguretat Social.<\/span><\/strong><\/li>\n<li>Tramitaci\u00f3 <span style=\"color: #b40838;\"><strong>expedients a FOGASA.<\/strong><\/span><\/li>\n<li>Estrangeria: <span style=\"color: #b40838;\"><strong>permisos de treball i resid\u00e8ncia<\/strong><\/span>, reagrupament familiar, &#8230;<\/li>\n<li>Prevenci\u00f3 de <span style=\"color: #b40838;\"><strong>Riscos Laborals<\/strong>.<\/span><\/li>\n<li><span style=\"color: #b40838;\"><strong>Formaci\u00f3 bonificada.<\/strong><\/span><\/li>\n<\/ul>\n<p>&nbsp;<\/p>\n<h3><span style=\"color: #b40838;\">\u00a0\u201cEls recursos humans d\u2019una empresa s\u00f3n el seu actiu m\u00e9s important\u201d<\/span><\/h3>\n <a href=\"http:\/\/www.gestoriamarrecampas.cat\/contacte\/\" class=\"btn   false\" target=\"_blank\"> INFORMA&#8217;T <\/a>\n<p>&nbsp;<\/p>\n","protected":false},"excerpt":{"rendered":"<p>Gesti\u00f3 laboral &nbsp; Dins de l\u2019\u00e0mbit laboral disposem d\u2019un ampli ventall de serveis per realitzar totes les gestions necess\u00e0ries per a la seva empresa: &nbsp; Alta inicial a la Seguretat Social. Confecci\u00f3 de contractes de treball. Rebuts de salaris i cotitzaci\u00f3 a la Seguretat Social. Gesti\u00f3 de R\u00e8gims Especials de la Seguretat Social: Aut\u00f2noms, Empleats<\/p>\n","protected":false},"author":1,"featured_media":0,"parent":0,"menu_order":0,"comment_status":"closed","ping_status":"closed","template":"","meta":{"footnotes":""},"class_list":["post-2153","page","type-page","status-publish","hentry"],"yoast_head":"<!-- This site is optimized with the Yoast SEO plugin v26.6 - https:\/\/yoast.com\/wordpress\/plugins\/seo\/ -->\n<title>Gesti\u00f3 laboral - Gestoria Marr\u00e9&amp;Camp\u00e0s<\/title>\n<meta name=\"description\" content=\"GESTI\u00d3 LABORAL - Dins de l\u2019\u00e0mbit laboral disposem d\u2019un ampli ventall de serveis per realitzar totes les gestions necess\u00e0ries per a la seva empresa.\" \/>\n<meta name=\"robots\" content=\"index, follow, max-snippet:-1, max-image-preview:large, max-video-preview:-1\" \/>\n<link rel=\"canonical\" href=\"https:\/\/www.gestoriamarrecampas.cat\/serveis\/laboral\/\" \/>\n<meta property=\"og:locale\" content=\"es_ES\" \/>\n<meta property=\"og:type\" content=\"article\" \/>\n<meta property=\"og:title\" content=\"Gesti\u00f3 laboral - Gestoria Marr\u00e9&amp;Camp\u00e0s\" \/>\n<meta property=\"og:description\" content=\"GESTI\u00d3 LABORAL - Dins de l\u2019\u00e0mbit laboral disposem d\u2019un ampli ventall de serveis per realitzar totes les gestions necess\u00e0ries per a la seva empresa.\" \/>\n<meta property=\"og:url\" content=\"https:\/\/www.gestoriamarrecampas.cat\/serveis\/laboral\/\" \/>\n<meta property=\"og:site_name\" content=\"gestoriamarrecampas.cat\" \/>\n<meta property=\"article:modified_time\" content=\"2016-10-04T16:12:59+00:00\" \/>\n<meta property=\"og:image\" content=\"http:\/\/www.gestoriamarrecampas.cat\/wp-content\/uploads\/2013\/12\/laboral.jpg\" \/>\n<meta name=\"twitter:label1\" content=\"Tiempo de lectura\" \/>\n\t<meta name=\"twitter:data1\" content=\"1 minuto\" \/>\n<script type=\"application\/ld+json\" class=\"yoast-schema-graph\">{\"@context\":\"https:\/\/schema.org\",\"@graph\":[{\"@type\":\"WebPage\",\"@id\":\"https:\/\/www.gestoriamarrecampas.cat\/serveis\/laboral\/\",\"url\":\"https:\/\/www.gestoriamarrecampas.cat\/serveis\/laboral\/\",\"name\":\"Gesti\u00f3 laboral - Gestoria Marr\u00e9&Camp\u00e0s\",\"isPartOf\":{\"@id\":\"https:\/\/www.gestoriamarrecampas.cat\/#website\"},\"primaryImageOfPage\":{\"@id\":\"https:\/\/www.gestoriamarrecampas.cat\/serveis\/laboral\/#primaryimage\"},\"image\":{\"@id\":\"https:\/\/www.gestoriamarrecampas.cat\/serveis\/laboral\/#primaryimage\"},\"thumbnailUrl\":\"http:\/\/www.gestoriamarrecampas.cat\/wp-content\/uploads\/2013\/12\/laboral.jpg\",\"datePublished\":\"2013-12-20T18:07:10+00:00\",\"dateModified\":\"2016-10-04T16:12:59+00:00\",\"description\":\"GESTI\u00d3 LABORAL - Dins de l\u2019\u00e0mbit laboral disposem d\u2019un ampli ventall de serveis per realitzar totes les gestions necess\u00e0ries per a la seva empresa.\",\"inLanguage\":\"es\",\"potentialAction\":[{\"@type\":\"ReadAction\",\"target\":[\"https:\/\/www.gestoriamarrecampas.cat\/serveis\/laboral\/\"]}]},{\"@type\":\"ImageObject\",\"inLanguage\":\"es\",\"@id\":\"https:\/\/www.gestoriamarrecampas.cat\/serveis\/laboral\/#primaryimage\",\"url\":\"http:\/\/www.gestoriamarrecampas.cat\/wp-content\/uploads\/2013\/12\/laboral.jpg\",\"contentUrl\":\"http:\/\/www.gestoriamarrecampas.cat\/wp-content\/uploads\/2013\/12\/laboral.jpg\"},{\"@type\":\"WebSite\",\"@id\":\"https:\/\/www.gestoriamarrecampas.cat\/#website\",\"url\":\"https:\/\/www.gestoriamarrecampas.cat\/\",\"name\":\"gestoriamarrecampas.cat\",\"description\":\"La gestoria de confian\u00e7a!!\",\"potentialAction\":[{\"@type\":\"SearchAction\",\"target\":{\"@type\":\"EntryPoint\",\"urlTemplate\":\"https:\/\/www.gestoriamarrecampas.cat\/?s={search_term_string}\"},\"query-input\":{\"@type\":\"PropertyValueSpecification\",\"valueRequired\":true,\"valueName\":\"search_term_string\"}}],\"inLanguage\":\"es\"}]}<\/script>\n<!-- \/ Yoast SEO plugin. -->","yoast_head_json":{"title":"Gesti\u00f3 laboral - Gestoria Marr\u00e9&Camp\u00e0s","description":"GESTI\u00d3 LABORAL - Dins de l\u2019\u00e0mbit laboral disposem d\u2019un ampli ventall de serveis per realitzar totes les gestions necess\u00e0ries per a la seva empresa.","robots":{"index":"index","follow":"follow","max-snippet":"max-snippet:-1","max-image-preview":"max-image-preview:large","max-video-preview":"max-video-preview:-1"},"canonical":"https:\/\/www.gestoriamarrecampas.cat\/serveis\/laboral\/","og_locale":"es_ES","og_type":"article","og_title":"Gesti\u00f3 laboral - Gestoria Marr\u00e9&Camp\u00e0s","og_description":"GESTI\u00d3 LABORAL - Dins de l\u2019\u00e0mbit laboral disposem d\u2019un ampli ventall de serveis per realitzar totes les gestions necess\u00e0ries per a la seva empresa.","og_url":"https:\/\/www.gestoriamarrecampas.cat\/serveis\/laboral\/","og_site_name":"gestoriamarrecampas.cat","article_modified_time":"2016-10-04T16:12:59+00:00","og_image":[{"url":"http:\/\/www.gestoriamarrecampas.cat\/wp-content\/uploads\/2013\/12\/laboral.jpg","type":"","width":"","height":""}],"twitter_misc":{"Tiempo de lectura":"1 minuto"},"schema":{"@context":"https:\/\/schema.org","@graph":[{"@type":"WebPage","@id":"https:\/\/www.gestoriamarrecampas.cat\/serveis\/laboral\/","url":"https:\/\/www.gestoriamarrecampas.cat\/serveis\/laboral\/","name":"Gesti\u00f3 laboral - Gestoria Marr\u00e9&Camp\u00e0s","isPartOf":{"@id":"https:\/\/www.gestoriamarrecampas.cat\/#website"},"primaryImageOfPage":{"@id":"https:\/\/www.gestoriamarrecampas.cat\/serveis\/laboral\/#primaryimage"},"image":{"@id":"https:\/\/www.gestoriamarrecampas.cat\/serveis\/laboral\/#primaryimage"},"thumbnailUrl":"http:\/\/www.gestoriamarrecampas.cat\/wp-content\/uploads\/2013\/12\/laboral.jpg","datePublished":"2013-12-20T18:07:10+00:00","dateModified":"2016-10-04T16:12:59+00:00","description":"GESTI\u00d3 LABORAL - Dins de l\u2019\u00e0mbit laboral disposem d\u2019un ampli ventall de serveis per realitzar totes les gestions necess\u00e0ries per a la seva empresa.","inLanguage":"es","potentialAction":[{"@type":"ReadAction","target":["https:\/\/www.gestoriamarrecampas.cat\/serveis\/laboral\/"]}]},{"@type":"ImageObject","inLanguage":"es","@id":"https:\/\/www.gestoriamarrecampas.cat\/serveis\/laboral\/#primaryimage","url":"http:\/\/www.gestoriamarrecampas.cat\/wp-content\/uploads\/2013\/12\/laboral.jpg","contentUrl":"http:\/\/www.gestoriamarrecampas.cat\/wp-content\/uploads\/2013\/12\/laboral.jpg"},{"@type":"WebSite","@id":"https:\/\/www.gestoriamarrecampas.cat\/#website","url":"https:\/\/www.gestoriamarrecampas.cat\/","name":"gestoriamarrecampas.cat","description":"La gestoria de confian\u00e7a!!","potentialAction":[{"@type":"SearchAction","target":{"@type":"EntryPoint","urlTemplate":"https:\/\/www.gestoriamarrecampas.cat\/?s={search_term_string}"},"query-input":{"@type":"PropertyValueSpecification","valueRequired":true,"valueName":"search_term_string"}}],"inLanguage":"es"}]}},"_links":{"self":[{"href":"https:\/\/www.gestoriamarrecampas.cat\/es\/wp-json\/wp\/v2\/pages\/2153","targetHints":{"allow":["GET"]}}],"collection":[{"href":"https:\/\/www.gestoriamarrecampas.cat\/es\/wp-json\/wp\/v2\/pages"}],"about":[{"href":"https:\/\/www.gestoriamarrecampas.cat\/es\/wp-json\/wp\/v2\/types\/page"}],"author":[{"embeddable":true,"href":"https:\/\/www.gestoriamarrecampas.cat\/es\/wp-json\/wp\/v2\/users\/1"}],"replies":[{"embeddable":true,"href":"https:\/\/www.gestoriamarrecampas.cat\/es\/wp-json\/wp\/v2\/comments?post=2153"}],"version-history":[{"count":9,"href":"https:\/\/www.gestoriamarrecampas.cat\/es\/wp-json\/wp\/v2\/pages\/2153\/revisions"}],"predecessor-version":[{"id":2377,"href":"https:\/\/www.gestoriamarrecampas.cat\/es\/wp-json\/wp\/v2\/pages\/2153\/revisions\/2377"}],"wp:attachment":[{"href":"https:\/\/www.gestoriamarrecampas.cat\/es\/wp-json\/wp\/v2\/media?parent=2153"}],"curies":[{"name":"wp","href":"https:\/\/api.w.org\/{rel}","templated":true}]}}