{"id":2144,"date":"2013-12-20T18:23:19","date_gmt":"2013-12-20T18:23:19","guid":{"rendered":"http:\/\/www.gestoriamarrecampas.cat\/?page_id=2144"},"modified":"2014-06-01T17:33:33","modified_gmt":"2014-06-01T17:33:33","slug":"seguros","status":"publish","type":"page","link":"https:\/\/www.gestoriamarrecampas.cat\/es\/seguros\/","title":{"rendered":"SEGUROS"},"content":{"rendered":"<h1><span style=\"color: #b40838;\"><b>SEGUROS GENERALES<\/b><\/span><\/h1>\n<p>&nbsp;<\/p>\n<p>\u00bfQu\u00e9 es lo que m\u00e1s te importa? El futuro de <span style=\"color: #b40838;\"><b>tu familia<\/b><\/span>, la \u00a0<strong><span style=\"color: #b40838;\">salud<\/span><\/strong>, tu <strong><span style=\"color: #b40838;\">negocio<\/span><\/strong>, los <strong><span style=\"color: #b40838;\">ahorros<\/span><\/strong>\u00a0&#8230;<\/p>\n<p>En la gestor\u00eda Camp\u00e0s estamos aqu\u00ed para ofrecerte <b style=\"color: #b40838;\">\u00a0asesoramiento<\/b>, seguros a tu medida y una asistencia eficaz para tu tranquilidad en todo lo que para ti es importante.<\/p>\n<p><img loading=\"lazy\" decoding=\"async\" class=\"alignright wp-image-1856 size-full\" src=\"http:\/\/www.gestoriamarrecampas.cat\/wp-content\/uploads\/2013\/12\/logo-fiact.png\" alt=\"logo fiact gestoria marr\u00e9&amp;camp\u00e0s malgrat\" width=\"429\" height=\"106\" srcset=\"https:\/\/www.gestoriamarrecampas.cat\/wp-content\/uploads\/2013\/12\/logo-fiact.png 429w, https:\/\/www.gestoriamarrecampas.cat\/wp-content\/uploads\/2013\/12\/logo-fiact-300x74.png 300w, https:\/\/www.gestoriamarrecampas.cat\/wp-content\/uploads\/2013\/12\/logo-fiact-280x69.png 280w\" sizes=\"auto, (max-width: 429px) 100vw, 429px\" \/><\/p>\n<p>Ofrecemos <b style=\"color: #b40838;\">servicios de seguros\u00a0<\/b>de:<\/p>\n<ul>\n<li>Veh\u00edculos<\/li>\n<li>Salud<\/li>\n<li>Hogar<\/li>\n<li>Empresas<\/li>\n<li>Aut\u00f3nomos<\/li>\n<li>Vida &#8211; Accidentes<\/li>\n<li>Tiempo libre<\/li>\n<\/ul>\n<p>&nbsp;<\/p>\n<h3><span style=\"color: #b40838;\">\u00a0\u201cTe ayudamos a asegurar tu tranquilidad y la de los tuyos\u201d<\/span><\/h3>\n <a href=\"http:\/\/www.gestoriamarrecampas.cat\/es\/contacto\/\" class=\"btn   false\" target=\"_blank\"> INFORMATE <\/a>\n","protected":false},"excerpt":{"rendered":"<p>SEGUROS GENERALES &nbsp; \u00bfQu\u00e9 es lo que m\u00e1s te importa? El futuro de tu familia, la \u00a0salud, tu negocio, los ahorros\u00a0&#8230; En la gestor\u00eda Camp\u00e0s estamos aqu\u00ed para ofrecerte \u00a0asesoramiento, seguros a tu medida y una asistencia eficaz para tu tranquilidad en todo lo que para ti es importante. Ofrecemos servicios de seguros\u00a0de: Veh\u00edculos Salud<\/p>\n","protected":false},"author":1,"featured_media":0,"parent":0,"menu_order":0,"comment_status":"closed","ping_status":"open","template":"","meta":{"footnotes":""},"class_list":["post-2144","page","type-page","status-publish","hentry"],"yoast_head":"<!-- This site is optimized with the Yoast SEO plugin v26.6 - https:\/\/yoast.com\/wordpress\/plugins\/seo\/ -->\n<title>SEGUROS<\/title>\n<meta name=\"description\" content=\"SEGUROS- \u00bfQu\u00e9 es lo que m\u00e1s te importa? El futuro de tu familia, la salud, tu negocio, los ahorros ... En la gestor\u00eda Marr\u00e9&amp;Camp\u00e0s te ayudamos.\" \/>\n<meta name=\"robots\" content=\"index, follow, max-snippet:-1, max-image-preview:large, max-video-preview:-1\" \/>\n<link rel=\"canonical\" href=\"https:\/\/www.gestoriamarrecampas.cat\/serveis\/assegurances\/\" \/>\n<meta property=\"og:locale\" content=\"es_ES\" \/>\n<meta property=\"og:type\" content=\"article\" \/>\n<meta property=\"og:title\" content=\"SEGUROS\" \/>\n<meta property=\"og:description\" content=\"SEGUROS- \u00bfQu\u00e9 es lo que m\u00e1s te importa? El futuro de tu familia, la salud, tu negocio, los ahorros ... En la gestor\u00eda Marr\u00e9&amp;Camp\u00e0s te ayudamos.\" \/>\n<meta property=\"og:url\" content=\"https:\/\/www.gestoriamarrecampas.cat\/serveis\/assegurances\/\" \/>\n<meta property=\"og:site_name\" content=\"gestoriamarrecampas.cat\" \/>\n<meta property=\"article:modified_time\" content=\"2014-06-01T17:33:33+00:00\" \/>\n<meta property=\"og:image\" content=\"http:\/\/www.gestoriamarrecampas.cat\/wp-content\/uploads\/2013\/12\/logo-fiact.png\" \/>\n<script type=\"application\/ld+json\" class=\"yoast-schema-graph\">{\"@context\":\"https:\/\/schema.org\",\"@graph\":[{\"@type\":\"WebPage\",\"@id\":\"https:\/\/www.gestoriamarrecampas.cat\/serveis\/assegurances\/\",\"url\":\"https:\/\/www.gestoriamarrecampas.cat\/serveis\/assegurances\/\",\"name\":\"SEGUROS\",\"isPartOf\":{\"@id\":\"https:\/\/www.gestoriamarrecampas.cat\/#website\"},\"primaryImageOfPage\":{\"@id\":\"https:\/\/www.gestoriamarrecampas.cat\/serveis\/assegurances\/#primaryimage\"},\"image\":{\"@id\":\"https:\/\/www.gestoriamarrecampas.cat\/serveis\/assegurances\/#primaryimage\"},\"thumbnailUrl\":\"http:\/\/www.gestoriamarrecampas.cat\/wp-content\/uploads\/2013\/12\/logo-fiact.png\",\"datePublished\":\"2013-12-20T18:23:19+00:00\",\"dateModified\":\"2014-06-01T17:33:33+00:00\",\"description\":\"SEGUROS- \u00bfQu\u00e9 es lo que m\u00e1s te importa? El futuro de tu familia, la salud, tu negocio, los ahorros ... En la gestor\u00eda Marr\u00e9&Camp\u00e0s te ayudamos.\",\"inLanguage\":\"es\",\"potentialAction\":[{\"@type\":\"ReadAction\",\"target\":[\"https:\/\/www.gestoriamarrecampas.cat\/serveis\/assegurances\/\"]}]},{\"@type\":\"ImageObject\",\"inLanguage\":\"es\",\"@id\":\"https:\/\/www.gestoriamarrecampas.cat\/serveis\/assegurances\/#primaryimage\",\"url\":\"http:\/\/www.gestoriamarrecampas.cat\/wp-content\/uploads\/2013\/12\/logo-fiact.png\",\"contentUrl\":\"http:\/\/www.gestoriamarrecampas.cat\/wp-content\/uploads\/2013\/12\/logo-fiact.png\"},{\"@type\":\"WebSite\",\"@id\":\"https:\/\/www.gestoriamarrecampas.cat\/#website\",\"url\":\"https:\/\/www.gestoriamarrecampas.cat\/\",\"name\":\"gestoriamarrecampas.cat\",\"description\":\"La gestoria de confian\u00e7a!!\",\"potentialAction\":[{\"@type\":\"SearchAction\",\"target\":{\"@type\":\"EntryPoint\",\"urlTemplate\":\"https:\/\/www.gestoriamarrecampas.cat\/?s={search_term_string}\"},\"query-input\":{\"@type\":\"PropertyValueSpecification\",\"valueRequired\":true,\"valueName\":\"search_term_string\"}}],\"inLanguage\":\"es\"}]}<\/script>\n<!-- \/ Yoast SEO plugin. -->","yoast_head_json":{"title":"SEGUROS","description":"SEGUROS- \u00bfQu\u00e9 es lo que m\u00e1s te importa? El futuro de tu familia, la salud, tu negocio, los ahorros ... En la gestor\u00eda Marr\u00e9&Camp\u00e0s te ayudamos.","robots":{"index":"index","follow":"follow","max-snippet":"max-snippet:-1","max-image-preview":"max-image-preview:large","max-video-preview":"max-video-preview:-1"},"canonical":"https:\/\/www.gestoriamarrecampas.cat\/serveis\/assegurances\/","og_locale":"es_ES","og_type":"article","og_title":"SEGUROS","og_description":"SEGUROS- \u00bfQu\u00e9 es lo que m\u00e1s te importa? El futuro de tu familia, la salud, tu negocio, los ahorros ... En la gestor\u00eda Marr\u00e9&Camp\u00e0s te ayudamos.","og_url":"https:\/\/www.gestoriamarrecampas.cat\/serveis\/assegurances\/","og_site_name":"gestoriamarrecampas.cat","article_modified_time":"2014-06-01T17:33:33+00:00","og_image":[{"url":"http:\/\/www.gestoriamarrecampas.cat\/wp-content\/uploads\/2013\/12\/logo-fiact.png","type":"","width":"","height":""}],"schema":{"@context":"https:\/\/schema.org","@graph":[{"@type":"WebPage","@id":"https:\/\/www.gestoriamarrecampas.cat\/serveis\/assegurances\/","url":"https:\/\/www.gestoriamarrecampas.cat\/serveis\/assegurances\/","name":"SEGUROS","isPartOf":{"@id":"https:\/\/www.gestoriamarrecampas.cat\/#website"},"primaryImageOfPage":{"@id":"https:\/\/www.gestoriamarrecampas.cat\/serveis\/assegurances\/#primaryimage"},"image":{"@id":"https:\/\/www.gestoriamarrecampas.cat\/serveis\/assegurances\/#primaryimage"},"thumbnailUrl":"http:\/\/www.gestoriamarrecampas.cat\/wp-content\/uploads\/2013\/12\/logo-fiact.png","datePublished":"2013-12-20T18:23:19+00:00","dateModified":"2014-06-01T17:33:33+00:00","description":"SEGUROS- \u00bfQu\u00e9 es lo que m\u00e1s te importa? El futuro de tu familia, la salud, tu negocio, los ahorros ... En la gestor\u00eda Marr\u00e9&Camp\u00e0s te ayudamos.","inLanguage":"es","potentialAction":[{"@type":"ReadAction","target":["https:\/\/www.gestoriamarrecampas.cat\/serveis\/assegurances\/"]}]},{"@type":"ImageObject","inLanguage":"es","@id":"https:\/\/www.gestoriamarrecampas.cat\/serveis\/assegurances\/#primaryimage","url":"http:\/\/www.gestoriamarrecampas.cat\/wp-content\/uploads\/2013\/12\/logo-fiact.png","contentUrl":"http:\/\/www.gestoriamarrecampas.cat\/wp-content\/uploads\/2013\/12\/logo-fiact.png"},{"@type":"WebSite","@id":"https:\/\/www.gestoriamarrecampas.cat\/#website","url":"https:\/\/www.gestoriamarrecampas.cat\/","name":"gestoriamarrecampas.cat","description":"La gestoria de confian\u00e7a!!","potentialAction":[{"@type":"SearchAction","target":{"@type":"EntryPoint","urlTemplate":"https:\/\/www.gestoriamarrecampas.cat\/?s={search_term_string}"},"query-input":{"@type":"PropertyValueSpecification","valueRequired":true,"valueName":"search_term_string"}}],"inLanguage":"es"}]}},"_links":{"self":[{"href":"https:\/\/www.gestoriamarrecampas.cat\/es\/wp-json\/wp\/v2\/pages\/2144","targetHints":{"allow":["GET"]}}],"collection":[{"href":"https:\/\/www.gestoriamarrecampas.cat\/es\/wp-json\/wp\/v2\/pages"}],"about":[{"href":"https:\/\/www.gestoriamarrecampas.cat\/es\/wp-json\/wp\/v2\/types\/page"}],"author":[{"embeddable":true,"href":"https:\/\/www.gestoriamarrecampas.cat\/es\/wp-json\/wp\/v2\/users\/1"}],"replies":[{"embeddable":true,"href":"https:\/\/www.gestoriamarrecampas.cat\/es\/wp-json\/wp\/v2\/comments?post=2144"}],"version-history":[{"count":10,"href":"https:\/\/www.gestoriamarrecampas.cat\/es\/wp-json\/wp\/v2\/pages\/2144\/revisions"}],"predecessor-version":[{"id":2261,"href":"https:\/\/www.gestoriamarrecampas.cat\/es\/wp-json\/wp\/v2\/pages\/2144\/revisions\/2261"}],"wp:attachment":[{"href":"https:\/\/www.gestoriamarrecampas.cat\/es\/wp-json\/wp\/v2\/media?parent=2144"}],"curies":[{"name":"wp","href":"https:\/\/api.w.org\/{rel}","templated":true}]}}