{"id":2078,"date":"2013-11-23T19:51:49","date_gmt":"2013-11-23T19:51:49","guid":{"rendered":"http:\/\/www.gestoriamarrecampas.cat\/?page_id=2078"},"modified":"2016-10-06T14:13:11","modified_gmt":"2016-10-06T14:13:11","slug":"utilidades","status":"publish","type":"page","link":"https:\/\/www.gestoriamarrecampas.cat\/es\/utilidades\/","title":{"rendered":"UTILIDADES"},"content":{"rendered":"<p>Ponemos a tu disposici\u00f3n diferentes <span style=\"color: #b40838;\"><strong>utilidades<\/strong><\/span> en diversas \u00e1reas: empresariales, laborales, fiscales, personales. <span style=\"color: #b40838;\"><strong>Te recomendamos que visites regularmente esta secci\u00f3n<\/strong><\/span> donde podr\u00e1s ver y \/ o descargarte documentaci\u00f3n de tu inter\u00e9s.<\/p>\n","protected":false},"excerpt":{"rendered":"<p>Ponemos a tu disposici\u00f3n diferentes utilidades en diversas \u00e1reas: empresariales, laborales, fiscales, personales. Te recomendamos que visites regularmente esta secci\u00f3n donde podr\u00e1s ver y \/ o descargarte documentaci\u00f3n de tu inter\u00e9s.<\/p>\n","protected":false},"author":1,"featured_media":0,"parent":0,"menu_order":0,"comment_status":"closed","ping_status":"open","template":"","meta":{"footnotes":""},"class_list":["post-2078","page","type-page","status-publish","hentry"],"yoast_head":"<!-- This site is optimized with the Yoast SEO plugin v26.6 - https:\/\/yoast.com\/wordpress\/plugins\/seo\/ -->\n<title>Descarga de documentos - Gestoria Marr\u00e9 &amp; Camp\u00e0s<\/title>\n<meta name=\"description\" content=\"Documentos - Ponemos a tu disposici\u00f3n diferentes circulares y documentaci\u00f3n importante de diferentes aspectos y \u00e1reas empresariales, laborales, fiscales ....\" \/>\n<meta name=\"robots\" content=\"index, follow, max-snippet:-1, max-image-preview:large, max-video-preview:-1\" \/>\n<link rel=\"canonical\" href=\"https:\/\/www.gestoriamarrecampas.cat\/utilitats\/\" \/>\n<meta property=\"og:locale\" content=\"es_ES\" \/>\n<meta property=\"og:type\" content=\"article\" \/>\n<meta property=\"og:title\" content=\"Descarga de documentos - Gestoria Marr\u00e9 &amp; Camp\u00e0s\" \/>\n<meta property=\"og:description\" content=\"Documentos - Ponemos a tu disposici\u00f3n diferentes circulares y documentaci\u00f3n importante de diferentes aspectos y \u00e1reas empresariales, laborales, fiscales ....\" \/>\n<meta property=\"og:url\" content=\"https:\/\/www.gestoriamarrecampas.cat\/utilitats\/\" \/>\n<meta property=\"og:site_name\" content=\"gestoriamarrecampas.cat\" \/>\n<meta property=\"article:modified_time\" content=\"2016-10-06T14:13:11+00:00\" \/>\n<script type=\"application\/ld+json\" class=\"yoast-schema-graph\">{\"@context\":\"https:\/\/schema.org\",\"@graph\":[{\"@type\":\"WebPage\",\"@id\":\"https:\/\/www.gestoriamarrecampas.cat\/utilitats\/\",\"url\":\"https:\/\/www.gestoriamarrecampas.cat\/utilitats\/\",\"name\":\"Descarga de documentos - Gestoria Marr\u00e9 & Camp\u00e0s\",\"isPartOf\":{\"@id\":\"https:\/\/www.gestoriamarrecampas.cat\/#website\"},\"datePublished\":\"2013-11-23T19:51:49+00:00\",\"dateModified\":\"2016-10-06T14:13:11+00:00\",\"description\":\"Documentos - Ponemos a tu disposici\u00f3n diferentes circulares y documentaci\u00f3n importante de diferentes aspectos y \u00e1reas empresariales, laborales, fiscales ....\",\"inLanguage\":\"es\",\"potentialAction\":[{\"@type\":\"ReadAction\",\"target\":[\"https:\/\/www.gestoriamarrecampas.cat\/utilitats\/\"]}]},{\"@type\":\"WebSite\",\"@id\":\"https:\/\/www.gestoriamarrecampas.cat\/#website\",\"url\":\"https:\/\/www.gestoriamarrecampas.cat\/\",\"name\":\"gestoriamarrecampas.cat\",\"description\":\"La gestoria de confian\u00e7a!!\",\"potentialAction\":[{\"@type\":\"SearchAction\",\"target\":{\"@type\":\"EntryPoint\",\"urlTemplate\":\"https:\/\/www.gestoriamarrecampas.cat\/?s={search_term_string}\"},\"query-input\":{\"@type\":\"PropertyValueSpecification\",\"valueRequired\":true,\"valueName\":\"search_term_string\"}}],\"inLanguage\":\"es\"}]}<\/script>\n<!-- \/ Yoast SEO plugin. -->","yoast_head_json":{"title":"Descarga de documentos - Gestoria Marr\u00e9 & Camp\u00e0s","description":"Documentos - Ponemos a tu disposici\u00f3n diferentes circulares y documentaci\u00f3n importante de diferentes aspectos y \u00e1reas empresariales, laborales, fiscales ....","robots":{"index":"index","follow":"follow","max-snippet":"max-snippet:-1","max-image-preview":"max-image-preview:large","max-video-preview":"max-video-preview:-1"},"canonical":"https:\/\/www.gestoriamarrecampas.cat\/utilitats\/","og_locale":"es_ES","og_type":"article","og_title":"Descarga de documentos - Gestoria Marr\u00e9 & Camp\u00e0s","og_description":"Documentos - Ponemos a tu disposici\u00f3n diferentes circulares y documentaci\u00f3n importante de diferentes aspectos y \u00e1reas empresariales, laborales, fiscales ....","og_url":"https:\/\/www.gestoriamarrecampas.cat\/utilitats\/","og_site_name":"gestoriamarrecampas.cat","article_modified_time":"2016-10-06T14:13:11+00:00","schema":{"@context":"https:\/\/schema.org","@graph":[{"@type":"WebPage","@id":"https:\/\/www.gestoriamarrecampas.cat\/utilitats\/","url":"https:\/\/www.gestoriamarrecampas.cat\/utilitats\/","name":"Descarga de documentos - Gestoria Marr\u00e9 & Camp\u00e0s","isPartOf":{"@id":"https:\/\/www.gestoriamarrecampas.cat\/#website"},"datePublished":"2013-11-23T19:51:49+00:00","dateModified":"2016-10-06T14:13:11+00:00","description":"Documentos - Ponemos a tu disposici\u00f3n diferentes circulares y documentaci\u00f3n importante de diferentes aspectos y \u00e1reas empresariales, laborales, fiscales ....","inLanguage":"es","potentialAction":[{"@type":"ReadAction","target":["https:\/\/www.gestoriamarrecampas.cat\/utilitats\/"]}]},{"@type":"WebSite","@id":"https:\/\/www.gestoriamarrecampas.cat\/#website","url":"https:\/\/www.gestoriamarrecampas.cat\/","name":"gestoriamarrecampas.cat","description":"La gestoria de confian\u00e7a!!","potentialAction":[{"@type":"SearchAction","target":{"@type":"EntryPoint","urlTemplate":"https:\/\/www.gestoriamarrecampas.cat\/?s={search_term_string}"},"query-input":{"@type":"PropertyValueSpecification","valueRequired":true,"valueName":"search_term_string"}}],"inLanguage":"es"}]}},"_links":{"self":[{"href":"https:\/\/www.gestoriamarrecampas.cat\/es\/wp-json\/wp\/v2\/pages\/2078","targetHints":{"allow":["GET"]}}],"collection":[{"href":"https:\/\/www.gestoriamarrecampas.cat\/es\/wp-json\/wp\/v2\/pages"}],"about":[{"href":"https:\/\/www.gestoriamarrecampas.cat\/es\/wp-json\/wp\/v2\/types\/page"}],"author":[{"embeddable":true,"href":"https:\/\/www.gestoriamarrecampas.cat\/es\/wp-json\/wp\/v2\/users\/1"}],"replies":[{"embeddable":true,"href":"https:\/\/www.gestoriamarrecampas.cat\/es\/wp-json\/wp\/v2\/comments?post=2078"}],"version-history":[{"count":9,"href":"https:\/\/www.gestoriamarrecampas.cat\/es\/wp-json\/wp\/v2\/pages\/2078\/revisions"}],"predecessor-version":[{"id":2380,"href":"https:\/\/www.gestoriamarrecampas.cat\/es\/wp-json\/wp\/v2\/pages\/2078\/revisions\/2380"}],"wp:attachment":[{"href":"https:\/\/www.gestoriamarrecampas.cat\/es\/wp-json\/wp\/v2\/media?parent=2078"}],"curies":[{"name":"wp","href":"https:\/\/api.w.org\/{rel}","templated":true}]}}