{"id":2011,"date":"2014-05-19T17:26:57","date_gmt":"2014-05-19T17:26:57","guid":{"rendered":"http:\/\/www.gestoriamarrecampas.cat\/?page_id=2011"},"modified":"2014-05-24T17:18:24","modified_gmt":"2014-05-24T17:18:24","slug":"quienessomos","status":"publish","type":"page","link":"https:\/\/www.gestoriamarrecampas.cat\/es\/quienessomos\/","title":{"rendered":"QUI\u00c9NES SOMOS"},"content":{"rendered":"<h1><span style=\"color: #b40838;\">Bienvenido a tu gestor\u00eda de confianza.<\/span><\/h1>\n<p>La <strong style=\"color: #b40838;\">gestoria Marr\u00e9 i Camp\u00e0s<\/strong>\u00a0es un despacho profesional que se dedica al asesoramiento de empresas y particulares, en las \u00e1reas de la gesti\u00f3n fiscal, laboral, mercantil y contable.<\/p>\n<p>El despacho nace en el a\u00f1o 1957, fundado por <strong style=\"color: #b40838;\">Josep Camp\u00e0s i Momplet<\/strong>, y desde sus inicios su actividad se orient\u00f3 al <span style=\"color: #b40838;\"><strong>asesoramiento ya los seguros.<\/strong><\/span><\/p>\n<p>&nbsp;<\/p>\n<p><img loading=\"lazy\" decoding=\"async\" class=\"wp-image-1840 aligncenter\" src=\"http:\/\/www.gestoriamarrecampas.cat\/wp-content\/uploads\/2013\/02\/gestoria-campas-qui-som.jpg\" alt=\"gestoria-campas-qui-som\" width=\"713\" height=\"271\" srcset=\"https:\/\/www.gestoriamarrecampas.cat\/wp-content\/uploads\/2013\/02\/gestoria-campas-qui-som.jpg 889w, https:\/\/www.gestoriamarrecampas.cat\/wp-content\/uploads\/2013\/02\/gestoria-campas-qui-som-300x114.jpg 300w, https:\/\/www.gestoriamarrecampas.cat\/wp-content\/uploads\/2013\/02\/gestoria-campas-qui-som-280x106.jpg 280w\" sizes=\"auto, (max-width: 713px) 100vw, 713px\" \/><\/p>\n<p>&nbsp;<\/p>\n<p>Despu\u00e9s de m\u00e1s de 50 a\u00f1os de historia ya trav\u00e9s de tres generaciones, continuamos ofreciendo a nuestros clientes un servicio cercano, de confianza y de calidad, orientado a resolver las necesidades de <strong><span style=\"color: #b40838;\">asesoramiento<\/span><\/strong>\u00a0y dar soluciones pr\u00e1cticas y eficientes.<\/p>\n<p>Nuestra trayectoria, la adaptaci\u00f3n al reto de las <strong style=\"color: #b40838;\">nuevas tecnolog\u00edas<\/strong>, y la formaci\u00f3n continuada, han sido y son la mejor garant\u00eda de compromiso y profesionalidad.<\/p>\n<p>El despacho mantiene estrechas relaciones con profesionales de reconocido prestigio, con el fin de proporcionar <span style=\"color: #b40838;\">\u00a0<\/span><strong style=\"color: #b40838;\">asesoramiento \u00a0integral\u00a0<\/strong>y la defensa de los intressos de nuestros clientes en cualquier \u00e1mbito de actuaci\u00f3n.<\/p>\n<p>No queremos perder esta oportunidad para agradecer a nuestros clientes, la confianza que depositan d\u00eda a d\u00eda con nosotros.<\/p>\n","protected":false},"excerpt":{"rendered":"<p>Bienvenido a tu gestor\u00eda de confianza. La gestoria Marr\u00e9 i Camp\u00e0s\u00a0es un despacho profesional que se dedica al asesoramiento de empresas y particulares, en las \u00e1reas de la gesti\u00f3n fiscal, laboral, mercantil y contable. El despacho nace en el a\u00f1o 1957, fundado por Josep Camp\u00e0s i Momplet, y desde sus inicios su actividad se orient\u00f3<\/p>\n","protected":false},"author":1,"featured_media":0,"parent":0,"menu_order":0,"comment_status":"closed","ping_status":"closed","template":"","meta":{"footnotes":""},"class_list":["post-2011","page","type-page","status-publish","hentry"],"yoast_head":"<!-- This site is optimized with the Yoast SEO plugin v26.6 - https:\/\/yoast.com\/wordpress\/plugins\/seo\/ -->\n<title>Qui\u00e9nes somos<\/title>\n<meta name=\"description\" content=\"Qui\u00e9nes somos - La gestoria Marr\u00e9 y Camp\u00e0s es un despacho profesional que se dedica al asesoramiento de empresas y particulares en diferentes \u00e1reas.\" \/>\n<meta name=\"robots\" content=\"index, follow, max-snippet:-1, max-image-preview:large, max-video-preview:-1\" \/>\n<link rel=\"canonical\" href=\"https:\/\/www.gestoriamarrecampas.cat\/qui-som\/\" \/>\n<meta property=\"og:locale\" content=\"es_ES\" \/>\n<meta property=\"og:type\" content=\"article\" \/>\n<meta property=\"og:title\" content=\"Qui\u00e9nes somos\" \/>\n<meta property=\"og:description\" content=\"Qui\u00e9nes somos - La gestoria Marr\u00e9 y Camp\u00e0s es un despacho profesional que se dedica al asesoramiento de empresas y particulares en diferentes \u00e1reas.\" \/>\n<meta property=\"og:url\" content=\"https:\/\/www.gestoriamarrecampas.cat\/qui-som\/\" \/>\n<meta property=\"og:site_name\" content=\"gestoriamarrecampas.cat\" \/>\n<meta property=\"article:modified_time\" content=\"2014-05-24T17:18:24+00:00\" \/>\n<meta property=\"og:image\" content=\"http:\/\/www.gestoriamarrecampas.cat\/wp-content\/uploads\/2013\/02\/gestoria-campas-qui-som.jpg\" \/>\n<meta name=\"twitter:label1\" content=\"Tiempo de lectura\" \/>\n\t<meta name=\"twitter:data1\" content=\"1 minuto\" \/>\n<script type=\"application\/ld+json\" class=\"yoast-schema-graph\">{\"@context\":\"https:\/\/schema.org\",\"@graph\":[{\"@type\":\"WebPage\",\"@id\":\"https:\/\/www.gestoriamarrecampas.cat\/qui-som\/\",\"url\":\"https:\/\/www.gestoriamarrecampas.cat\/qui-som\/\",\"name\":\"Qui\u00e9nes somos\",\"isPartOf\":{\"@id\":\"https:\/\/www.gestoriamarrecampas.cat\/#website\"},\"primaryImageOfPage\":{\"@id\":\"https:\/\/www.gestoriamarrecampas.cat\/qui-som\/#primaryimage\"},\"image\":{\"@id\":\"https:\/\/www.gestoriamarrecampas.cat\/qui-som\/#primaryimage\"},\"thumbnailUrl\":\"http:\/\/www.gestoriamarrecampas.cat\/wp-content\/uploads\/2013\/02\/gestoria-campas-qui-som.jpg\",\"datePublished\":\"2014-05-19T17:26:57+00:00\",\"dateModified\":\"2014-05-24T17:18:24+00:00\",\"description\":\"Qui\u00e9nes somos - La gestoria Marr\u00e9 y Camp\u00e0s es un despacho profesional que se dedica al asesoramiento de empresas y particulares en diferentes \u00e1reas.\",\"inLanguage\":\"es\",\"potentialAction\":[{\"@type\":\"ReadAction\",\"target\":[\"https:\/\/www.gestoriamarrecampas.cat\/qui-som\/\"]}]},{\"@type\":\"ImageObject\",\"inLanguage\":\"es\",\"@id\":\"https:\/\/www.gestoriamarrecampas.cat\/qui-som\/#primaryimage\",\"url\":\"http:\/\/www.gestoriamarrecampas.cat\/wp-content\/uploads\/2013\/02\/gestoria-campas-qui-som.jpg\",\"contentUrl\":\"http:\/\/www.gestoriamarrecampas.cat\/wp-content\/uploads\/2013\/02\/gestoria-campas-qui-som.jpg\"},{\"@type\":\"WebSite\",\"@id\":\"https:\/\/www.gestoriamarrecampas.cat\/#website\",\"url\":\"https:\/\/www.gestoriamarrecampas.cat\/\",\"name\":\"gestoriamarrecampas.cat\",\"description\":\"La gestoria de confian\u00e7a!!\",\"potentialAction\":[{\"@type\":\"SearchAction\",\"target\":{\"@type\":\"EntryPoint\",\"urlTemplate\":\"https:\/\/www.gestoriamarrecampas.cat\/?s={search_term_string}\"},\"query-input\":{\"@type\":\"PropertyValueSpecification\",\"valueRequired\":true,\"valueName\":\"search_term_string\"}}],\"inLanguage\":\"es\"}]}<\/script>\n<!-- \/ Yoast SEO plugin. -->","yoast_head_json":{"title":"Qui\u00e9nes somos","description":"Qui\u00e9nes somos - La gestoria Marr\u00e9 y Camp\u00e0s es un despacho profesional que se dedica al asesoramiento de empresas y particulares en diferentes \u00e1reas.","robots":{"index":"index","follow":"follow","max-snippet":"max-snippet:-1","max-image-preview":"max-image-preview:large","max-video-preview":"max-video-preview:-1"},"canonical":"https:\/\/www.gestoriamarrecampas.cat\/qui-som\/","og_locale":"es_ES","og_type":"article","og_title":"Qui\u00e9nes somos","og_description":"Qui\u00e9nes somos - La gestoria Marr\u00e9 y Camp\u00e0s es un despacho profesional que se dedica al asesoramiento de empresas y particulares en diferentes \u00e1reas.","og_url":"https:\/\/www.gestoriamarrecampas.cat\/qui-som\/","og_site_name":"gestoriamarrecampas.cat","article_modified_time":"2014-05-24T17:18:24+00:00","og_image":[{"url":"http:\/\/www.gestoriamarrecampas.cat\/wp-content\/uploads\/2013\/02\/gestoria-campas-qui-som.jpg","type":"","width":"","height":""}],"twitter_misc":{"Tiempo de lectura":"1 minuto"},"schema":{"@context":"https:\/\/schema.org","@graph":[{"@type":"WebPage","@id":"https:\/\/www.gestoriamarrecampas.cat\/qui-som\/","url":"https:\/\/www.gestoriamarrecampas.cat\/qui-som\/","name":"Qui\u00e9nes somos","isPartOf":{"@id":"https:\/\/www.gestoriamarrecampas.cat\/#website"},"primaryImageOfPage":{"@id":"https:\/\/www.gestoriamarrecampas.cat\/qui-som\/#primaryimage"},"image":{"@id":"https:\/\/www.gestoriamarrecampas.cat\/qui-som\/#primaryimage"},"thumbnailUrl":"http:\/\/www.gestoriamarrecampas.cat\/wp-content\/uploads\/2013\/02\/gestoria-campas-qui-som.jpg","datePublished":"2014-05-19T17:26:57+00:00","dateModified":"2014-05-24T17:18:24+00:00","description":"Qui\u00e9nes somos - La gestoria Marr\u00e9 y Camp\u00e0s es un despacho profesional que se dedica al asesoramiento de empresas y particulares en diferentes \u00e1reas.","inLanguage":"es","potentialAction":[{"@type":"ReadAction","target":["https:\/\/www.gestoriamarrecampas.cat\/qui-som\/"]}]},{"@type":"ImageObject","inLanguage":"es","@id":"https:\/\/www.gestoriamarrecampas.cat\/qui-som\/#primaryimage","url":"http:\/\/www.gestoriamarrecampas.cat\/wp-content\/uploads\/2013\/02\/gestoria-campas-qui-som.jpg","contentUrl":"http:\/\/www.gestoriamarrecampas.cat\/wp-content\/uploads\/2013\/02\/gestoria-campas-qui-som.jpg"},{"@type":"WebSite","@id":"https:\/\/www.gestoriamarrecampas.cat\/#website","url":"https:\/\/www.gestoriamarrecampas.cat\/","name":"gestoriamarrecampas.cat","description":"La gestoria de confian\u00e7a!!","potentialAction":[{"@type":"SearchAction","target":{"@type":"EntryPoint","urlTemplate":"https:\/\/www.gestoriamarrecampas.cat\/?s={search_term_string}"},"query-input":{"@type":"PropertyValueSpecification","valueRequired":true,"valueName":"search_term_string"}}],"inLanguage":"es"}]}},"_links":{"self":[{"href":"https:\/\/www.gestoriamarrecampas.cat\/es\/wp-json\/wp\/v2\/pages\/2011","targetHints":{"allow":["GET"]}}],"collection":[{"href":"https:\/\/www.gestoriamarrecampas.cat\/es\/wp-json\/wp\/v2\/pages"}],"about":[{"href":"https:\/\/www.gestoriamarrecampas.cat\/es\/wp-json\/wp\/v2\/types\/page"}],"author":[{"embeddable":true,"href":"https:\/\/www.gestoriamarrecampas.cat\/es\/wp-json\/wp\/v2\/users\/1"}],"replies":[{"embeddable":true,"href":"https:\/\/www.gestoriamarrecampas.cat\/es\/wp-json\/wp\/v2\/comments?post=2011"}],"version-history":[{"count":3,"href":"https:\/\/www.gestoriamarrecampas.cat\/es\/wp-json\/wp\/v2\/pages\/2011\/revisions"}],"predecessor-version":[{"id":2213,"href":"https:\/\/www.gestoriamarrecampas.cat\/es\/wp-json\/wp\/v2\/pages\/2011\/revisions\/2213"}],"wp:attachment":[{"href":"https:\/\/www.gestoriamarrecampas.cat\/es\/wp-json\/wp\/v2\/media?parent=2011"}],"curies":[{"name":"wp","href":"https:\/\/api.w.org\/{rel}","templated":true}]}}